{"id":11,"date":"2019-12-18T21:08:00","date_gmt":"2019-12-18T20:08:00","guid":{"rendered":"http:\/\/new.parafiajazowsko.pl\/?page_id=11"},"modified":"2020-12-26T09:11:14","modified_gmt":"2020-12-26T08:11:14","slug":"kosciol-parafialny","status":"publish","type":"page","link":"http:\/\/parafiajazowsko.pl\/index.php\/kosciol-parafialny\/","title":{"rendered":"Ko\u015bci\u00f3\u0142 parafialny"},"content":{"rendered":"\r\n<p style=\"text-align: center;\"><span style=\"font-size: 24pt;\"><strong><span style=\"font-family: 'book antiqua', palatino, serif;\">Ko\u015bci\u00f3\u0142 parafialny pw. Narodzenia Naj\u015bwi\u0119tszej Maryi Panny w Jazowsku<\/span><\/strong><\/span><\/p>\r\n<p><span style=\"font-family: 'book antiqua', palatino, serif; font-size: 18pt;\">\r\n\r\n<\/span><\/p>\r\n<p style=\"text-align: center;\"><strong><span style=\"font-family: 'book antiqua', palatino, serif; font-size: 14pt;\">KR\u00d3TKA HISTORIA \u015aWI\u0104TYNII<\/span><\/strong><\/p>\r\n<p>&nbsp;<\/p>\r\n<p><span style=\"font-family: 'book antiqua', palatino, serif;\">\r\n\r\n<\/span><\/p>\r\n<p style=\"text-align: justify;\"><span style=\"font-family: 'book antiqua', palatino, serif; font-size: 14pt;\">Ko\u015bci\u00f3\u0142 pw. Narodzenia Naj\u015bwi\u0119tszej Maryi Panny zosta\u0142 zbudowany ok. 1665 r., konsekrowany 24 VIII 1720 r. przez bpa Miko\u0142aja Kunickiego. Barokowy z kamienia, otynkowany, jednonawowy, od frontu kwadratowa wie\u017ca. Wn\u0119trze nakryte sklepieniami kolebkowymi z lunetami. Na zewn\u0105trz nawa oszkarpowana. Trzy portale kamienne, jeden z nich w tradycji renesansowej. Polichromia wn\u0119trza figuralna, w prezbiterium ods\u0142oni\u0119to fragment ze scenami Zwiastowania z II po\u0142. XVII w. O\u0142tarz g\u0142\u00f3wny z II \u0107w. XVIII w., a w nim obraz Matki Bo\u017cej z Dzieci\u0105tkiem w typie Hodigitrii Ma\u0142opolskiej z II po\u0142. XV w., jeden o\u0142tarz z 1621 r. o bogatej dekoracji manieryzmu niderlandzkiego, w predelli renesansowe sceny pasyjne. Pozosta\u0142e o\u0142tarze boczne z XVIII w. Chrzcielnica kamienna z XVII w. Ambona z I po\u0142. XVIII w.<\/span><\/p>\r\nngg_shortcode_0_placeholder\r\n","protected":false},"excerpt":{"rendered":"<p>Ko\u015bci\u00f3\u0142 parafialny pw. Narodzenia Naj\u015bwi\u0119tszej Maryi Panny w Jazowsku KR\u00d3TKA HISTORIA \u015aWI\u0104TYNII &nbsp; Ko\u015bci\u00f3\u0142 pw. Narodzenia Naj\u015bwi\u0119tszej Maryi Panny zosta\u0142 zbudowany ok. 1665 r., konsekrowany 24 VIII 1720 r. przez bpa Miko\u0142aja Kunickiego. Barokowy z kamienia, otynkowany, jednonawowy, od frontu kwadratowa wie\u017ca. Wn\u0119trze nakryte sklepieniami kolebkowymi z lunetami. Na zewn\u0105trz nawa oszkarpowana. Trzy portale kamienne, [&hellip;]<\/p>\n","protected":false},"author":1,"featured_media":0,"parent":0,"menu_order":0,"comment_status":"closed","ping_status":"closed","template":"","meta":{"ngg_post_thumbnail":0,"footnotes":""},"class_list":["post-11","page","type-page","status-publish","hentry"],"_links":{"self":[{"href":"http:\/\/parafiajazowsko.pl\/index.php\/wp-json\/wp\/v2\/pages\/11","targetHints":{"allow":["GET"]}}],"collection":[{"href":"http:\/\/parafiajazowsko.pl\/index.php\/wp-json\/wp\/v2\/pages"}],"about":[{"href":"http:\/\/parafiajazowsko.pl\/index.php\/wp-json\/wp\/v2\/types\/page"}],"author":[{"embeddable":true,"href":"http:\/\/parafiajazowsko.pl\/index.php\/wp-json\/wp\/v2\/users\/1"}],"replies":[{"embeddable":true,"href":"http:\/\/parafiajazowsko.pl\/index.php\/wp-json\/wp\/v2\/comments?post=11"}],"version-history":[{"count":14,"href":"http:\/\/parafiajazowsko.pl\/index.php\/wp-json\/wp\/v2\/pages\/11\/revisions"}],"predecessor-version":[{"id":2094,"href":"http:\/\/parafiajazowsko.pl\/index.php\/wp-json\/wp\/v2\/pages\/11\/revisions\/2094"}],"wp:attachment":[{"href":"http:\/\/parafiajazowsko.pl\/index.php\/wp-json\/wp\/v2\/media?parent=11"}],"curies":[{"name":"wp","href":"https:\/\/api.w.org\/{rel}","templated":true}]}}