{"id":15,"date":"2019-12-18T21:09:59","date_gmt":"2019-12-18T20:09:59","guid":{"rendered":"http:\/\/new.parafiajazowsko.pl\/?page_id=15"},"modified":"2020-12-26T09:00:19","modified_gmt":"2020-12-26T08:00:19","slug":"kapliczki","status":"publish","type":"page","link":"http:\/\/parafiajazowsko.pl\/index.php\/kapliczki\/","title":{"rendered":"Kapliczki"},"content":{"rendered":"\r\n\r\n\r\n<p style=\"text-align: justify;\"><a class=\"ngg-simplelightbox\" title=\" \" href=\"http:\/\/new.parafiajazowsko.pl\/wp-content\/gallery\/kapliczki\/kapliczki-23.jpg\" rel=\"\" data-image-id=\"40\" data-src=\"http:\/\/new.parafiajazowsko.pl\/wp-content\/gallery\/kapliczki\/kapliczki-23.jpg\" data-thumbnail=\"http:\/\/new.parafiajazowsko.pl\/wp-content\/gallery\/kapliczki\/thumbs\/thumbs_kapliczki-23.jpg\" data-title=\"kapliczki-23\" data-description=\" \"><img decoding=\"async\" class=\"ngg-singlepic ngg-none alignleft\" src=\"http:\/\/new.parafiajazowsko.pl\/wp-content\/gallery\/kapliczki\/thumbs\/thumbs_kapliczki-23.jpg\" alt=\"kapliczki-23\" \/><\/a><span style=\"font-family: 'book antiqua', palatino, serif; font-size: 14pt;\"><strong>Kapliczki<\/strong> \u2013 wieczne pomniki dalekiej i bliskiej przesz\u0142o\u015bci, folkloru, religii i \u017carliwej wiary ludu miast, miasteczek czy wsi. S\u0105 wsz\u0119dzie: w ciszy le\u015bnych dukt\u00f3w, na polach otoczone faluj\u0105cym zbo\u017cem, na \u0142\u0105kach zatopione w polnych kwiatach, nad rzekami i strumieniami, na skrzy\u017cowaniach dr\u00f3g i rozdro\u017cach wsi, w przydomowych ogrodach. <\/span><span style=\"font-family: 'book antiqua', palatino, serif; font-size: 14pt;\">Jedne skromne, proste, dotkni\u0119te z\u0119bem czasu inne bogate, kolorowe. Wydaje si\u0119, \u017ce s\u0105 od zawsze\u2026 <\/span><span style=\"font-family: 'book antiqua', palatino, serif; font-size: 14pt;\">To element polskiego krajobrazu i przede wszystkim znak g\u0142\u0119bokiej wiary przodk\u00f3w i nas wsp\u00f3\u0142cze\u015bnie \u017cyj\u0105cych. Dodaj\u0105 nadziei, wskazuj\u0105 drog\u0119, chroni\u0105 przed nieszcz\u0119\u015bciami, utwierdzaj\u0105 w wierze i zach\u0119caj\u0105 do modlitwy.<\/span><\/p>\r\n<p><span style=\"font-family: 'book antiqua', palatino, serif; font-size: 14pt;\">\r\n\r\n<\/span><span style=\"font-family: 'book antiqua', palatino, serif; font-size: 14pt;\">\r\n\r\n<\/span><span style=\"font-family: 'book antiqua', palatino, serif; font-size: 14pt;\">\r\n\r\n<\/span><\/p>\r\n<p style=\"text-align: center;\"><span style=\"font-size: 24pt;\"><strong><span style=\"font-family: 'book antiqua', palatino, serif;\">***<\/span><\/strong><\/span><\/p>\r\n<p><span style=\"font-family: 'book antiqua', palatino, serif; font-size: 14pt;\">\r\n\r\n\r\n\r\n<\/span><\/p>\r\n<p style=\"text-align: justify;\"><span style=\"font-family: 'book antiqua', palatino, serif; font-size: 14pt;\"><strong><a class=\"ngg-simplelightbox\" title=\" \" href=\"http:\/\/new.parafiajazowsko.pl\/wp-content\/gallery\/kapliczki\/kapliczki-4.jpg\" rel=\"\" data-image-id=\"21\" data-src=\"http:\/\/new.parafiajazowsko.pl\/wp-content\/gallery\/kapliczki\/kapliczki-4.jpg\" data-thumbnail=\"http:\/\/new.parafiajazowsko.pl\/wp-content\/gallery\/kapliczki\/thumbs\/thumbs_kapliczki-4.jpg\" data-title=\"kapliczki-4\" data-description=\" \"><img decoding=\"async\" class=\"ngg-singlepic ngg-left alignleft\" src=\"http:\/\/new.parafiajazowsko.pl\/wp-content\/gallery\/kapliczki\/thumbs\/thumbs_kapliczki-4.jpg\" alt=\"kapliczki-4\" \/><\/a>Kaplic<\/strong><strong>z<\/strong><strong>ka w Jazowsku<\/strong> na <strong>Opij\u00f3wce<\/strong> znajduje si\u0119 na parceli pa\u0144stwa Matysiewicz\u00f3w. Wzniesiona wed\u0142ug podania w miejscu, gdzie jej elementy zosta\u0142y przyniesione przez wody Dunajca zapewne w XIX w. W ca\u0142o\u015bci drewniana z umieszczonym\u00a0 rze\u017abionym wizerunkiem Jezusa Ukrzy\u017cowanego i niewielk\u0105 figurk\u0105 Matki Bo\u017cej\u00a0 R\u00f3\u017ca\u0144cowej. Corocznie w maju odprawiane s\u0105 tu \u201eMaj\u00f3wki\u201d ku czci Matki Bo\u017cej. Prowadzi je p. Rozalia Wyrostek, a wraz z ni\u0105 ok. 26 os\u00f3b z osiedla.\u00a0<\/span><\/p>\r\n<p>&nbsp;<\/p>\r\n<p style=\"text-align: center;\"><strong><span style=\"font-size: 24pt; font-family: 'book antiqua', palatino, serif;\">***<\/span><\/strong><\/p>\r\n<p><span style=\"font-family: 'book antiqua', palatino, serif; font-size: 14pt;\">\r\n\r\n\r\n\r\n<\/span><\/p>\r\n<p style=\"text-align: justify;\"><span style=\"font-family: 'book antiqua', palatino, serif; font-size: 14pt;\"><strong>Jazowsko<\/strong> <strong>Wie\u015b <\/strong>&#8211; tu w 2007 roku w miejscu powa\u017cnego wypadku samochodowego powsta\u0142a kapliczka na posesji p. Grzegorza Steca. <\/span><span style=\"font-family: 'book antiqua', palatino, serif; font-size: 14pt;\">Ufundowana zosta\u0142a ona przez rodzic\u00f3w tragicznie zmar\u0142ych dziewczynek (\u015ap. Dominiki Warzechy i \u015ap. Beaty Owsianki). Figura przedstawia Matk\u0119 Bo\u017c\u0105. W miesi\u0105cu maju gromadzi si\u0119 wok\u00f3\u0142 niej poka\u017ana liczba mieszka\u0144c\u00f3w (ok. 40 os\u00f3b), by chwali\u0107 Matk\u0119 Bo\u017c\u0105 wsp\u00f3lnym \u015bpiewem i modlitw\u0105. Tym nabo\u017ce\u0144stwom przewodnicz\u0105 panie: Danuta Czajka, Celina Stec i Jadwiga Gro\u0144ska.\u00a0<\/span><\/p>\r\n<p style=\"text-align: center;\"><strong><span style=\"font-family: 'book antiqua', palatino, serif; font-size: 24pt;\">***<\/span><\/strong><\/p>\r\n<p><span style=\"font-family: 'book antiqua', palatino, serif; font-size: 14pt;\">\r\n\r\n<\/span><span style=\"font-family: 'book antiqua', palatino, serif; font-size: 14pt;\">\r\n\r\n\r\n\r\n<\/span><\/p>\r\n<p style=\"text-align: justify;\"><span style=\"font-family: 'book antiqua', palatino, serif; font-size: 14pt;\"><strong><a class=\"ngg-simplelightbox\" title=\" \" href=\"http:\/\/new.parafiajazowsko.pl\/wp-content\/gallery\/kapliczki\/kapliczki-14.jpg\" rel=\"\" data-image-id=\"31\" data-src=\"http:\/\/new.parafiajazowsko.pl\/wp-content\/gallery\/kapliczki\/kapliczki-14.jpg\" data-thumbnail=\"http:\/\/new.parafiajazowsko.pl\/wp-content\/gallery\/kapliczki\/thumbs\/thumbs_kapliczki-14.jpg\" data-title=\"kapliczki-14\" data-description=\" \"><img decoding=\"async\" class=\"ngg-singlepic ngg-left alignleft\" src=\"http:\/\/new.parafiajazowsko.pl\/wp-content\/gallery\/kapliczki\/thumbs\/thumbs_kapliczki-14.jpg\" alt=\"kapliczki-14\" \/><\/a>Kapliczka<\/strong><strong> przy drodze w Jazowsku Stara Cegielnia<\/strong>. Zbudowana zosta\u0142a przez fundator\u00f3w: Bogus\u0142awa Fudal\u0119 i W\u0142adys\u0142awa Majerskiego w 1983 r. To wsp\u00f3\u0142czesna kapliczka z metalu i szk\u0142a, a w jej wn\u0119trzu figura Matki Bo\u017cej. Powsta\u0142a jak wi\u0119kszo\u015b\u0107 takich obiekt\u00f3w z potrzeby gromadzenia si\u0119 na wsp\u00f3lnej modlitwie. \u015apiewane s\u0105 przy niej nabo\u017ce\u0144stwa majowe pod przewodnictwem pa\u0144: Eweliny Fudala \u00a0i Wioletty Pro\u0144skiej. W nabo\u017ce\u0144stwie bierze udzia\u0142 ok. 16 os\u00f3b.<\/span><\/p>\r\n<p>&nbsp;<\/p>\r\n<p style=\"text-align: center;\"><strong><span style=\"font-size: 24pt; font-family: 'book antiqua', palatino, serif;\">***<\/span><\/strong><\/p>\r\n<p style=\"text-align: justify;\"><span style=\"font-family: 'book antiqua', palatino, serif; font-size: 14pt;\"><strong>Jazowsko<\/strong> <strong>R\u00f3wnia<\/strong> &#8211; w tym urokliwym miejscu na skraju lasu znajduje si\u0119 kapliczka na drzewie z przed 40 lat, a w niej postacie Matki Bo\u017cej i \u015bw. Jana Paw\u0142a II. Potrzeba wsp\u00f3lnej modlitwy gromadzi tu ok. 26 mieszka\u0144c\u00f3w tego osiedla, by wraz z p. Mari\u0105 Mamala odprawi\u0107 nabo\u017ce\u0144stwo majowe. Pod\u015bwietlana jest \u015bwieczkami i lampk\u0105 solarn\u0105.<\/span><\/p>\r\n<p style=\"text-align: center;\"><strong><span style=\"font-size: 24pt; font-family: 'book antiqua', palatino, serif;\">***<\/span><\/strong><\/p>\r\n<p><span style=\"font-family: 'book antiqua', palatino, serif; font-size: 14pt;\">\r\n\r\n\r\n\r\n<\/span><span style=\"font-family: 'book antiqua', palatino, serif; font-size: 14pt;\">\r\n\r\n\r\n\r\n<\/span><\/p>\r\n<p style=\"text-align: justify;\"><span style=\"font-family: 'book antiqua', palatino, serif; font-size: 14pt;\"><strong><a class=\"ngg-simplelightbox\" title=\" \" href=\"http:\/\/new.parafiajazowsko.pl\/wp-content\/gallery\/kapliczki\/kapliczki-25.jpg\" rel=\"\" data-image-id=\"42\" data-src=\"http:\/\/new.parafiajazowsko.pl\/wp-content\/gallery\/kapliczki\/kapliczki-25.jpg\" data-thumbnail=\"http:\/\/new.parafiajazowsko.pl\/wp-content\/gallery\/kapliczki\/thumbs\/thumbs_kapliczki-25.jpg\" data-title=\"kapliczki-25\" data-description=\" \"><img decoding=\"async\" class=\"ngg-singlepic ngg-left alignleft\" src=\"http:\/\/new.parafiajazowsko.pl\/wp-content\/gallery\/kapliczki\/thumbs\/thumbs_kapliczki-25.jpg\" alt=\"kapliczki-25\" \/><\/a>Jazowsko Podkrzyzie<\/strong> &#8211; tu na posesji p. Grzegorza Sopaty znajduje si\u0119 kapliczka z krzy\u017cem misyjnym\u00a0 i figurk\u0105 Matki Bo\u017cej.\u00a0 Ca\u0142o\u015b\u0107 wykonana jest z drewna\u00a0 prawdopodobnie jeszcze przed II wojn\u0105 \u015bwiatow\u0105.\u00a0 W miejscu tym gromadzi si\u0119\u00a0 ok. 34 os\u00f3b, by wraz z p. Mari\u0105 Madziar odprawi\u0107 nabo\u017ce\u0144stwo majowe.<\/span><\/p>\r\n<p><span style=\"font-family: 'book antiqua', palatino, serif; font-size: 14pt;\">\r\n\r\n\r\n\r\n<\/span><\/p>\r\n<p>&nbsp;<\/p>\r\n<p style=\"text-align: center;\"><strong><span style=\"font-size: 24pt; font-family: 'book antiqua', palatino, serif;\">***<\/span><\/strong><\/p>\r\n<p style=\"text-align: justify;\"><span style=\"font-family: 'book antiqua', palatino, serif; font-size: 14pt;\"><strong>Kapliczka w centrum wsi<\/strong> <strong>Kadcza<\/strong> znajduje si\u0119 przy domu p. Heleny \u0141atka. Wed\u0142ug przekaz\u00f3w najstarszych mieszka\u0144c\u00f3w, figura kt\u00f3ra znajduje si\u0119 w centralnym miejscu kapliczki powsta\u0142a w XIX w jest to Chrystus Nazare\u0144ski przywi\u0105zany do s\u0142upa. W dolnej zamykanej cz\u0119\u015bci \u00a0znajduje si\u0119 obraz Matki Bo\u017cej z dzieci\u0105tkiem.\u00a0 Kapliczk\u0119 odnowiono w 1977r. Odbywaj\u0105 si\u0119 tu \u201e Maj\u00f3wki\u201d, kt\u00f3re prowadzi p. Eugeniusz Zbozie\u0144, a wraz z nim modli si\u0119 tu ok. 30 mieszka\u0144c\u00f3w Kadczy.<\/span><\/p>\r\n<p style=\"text-align: center;\"><strong><span style=\"font-family: 'book antiqua', palatino, serif; font-size: 24pt;\">***<\/span><\/strong><\/p>\r\n<p><span style=\"font-family: 'book antiqua', palatino, serif; font-size: 14pt;\">\r\n\r\n\r\n\r\n<\/span><\/p>\r\n<p style=\"text-align: justify;\"><span style=\"font-family: 'book antiqua', palatino, serif; font-size: 14pt;\"><strong>Kapliczka w Kadczy przy drodze na trasie Stary S\u0105cz &#8211; \u0141\u0105cko<\/strong> wybudowana pod koniec XIX w. ok. 1900 r. Stoi na posesji p. Krzysztofa Niemca, a wraz z p. Eleonor\u0105 Majersk\u0105 modli si\u0119 przy niej w miesi\u0105cu maju ok. 36 os\u00f3b. Kapliczka przedstawia krzy\u017c metalowy osadzony na cokole z piaskowca, a poni\u017cej przymocowany za szyb\u0105 obraz Matki Bo\u017cej Cz\u0119stochowskiej.\u00a0<\/span><\/p>\r\n<p style=\"text-align: center;\"><span style=\"font-family: 'book antiqua', palatino, serif;\"><strong><span style=\"font-size: 24pt;\">***<\/span><\/strong><\/span><\/p>\r\n<p><span style=\"font-family: 'book antiqua', palatino, serif; font-size: 14pt;\">\r\n\r\n\r\n\r\n<\/span><\/p>\r\n<p style=\"text-align: justify;\"><span style=\"font-family: 'book antiqua', palatino, serif; font-size: 14pt;\"><strong>Kapliczka<\/strong> rodziny Barbary i Zbigniewa Chronowskich <strong>Kadcza \u2013 Osiek<\/strong>. Jako, \u017ce jest to obiekt z nieodleg\u0142ej przesz\u0142o\u015bci, fundatorzy dok\u0142adnie podaj\u0105 dat\u0119 jego powstania &#8211; to 01.05.1992r. Wzniesiono j\u0105 w intencji dzi\u0119kczynnej, a za materia\u0142 pos\u0142u\u017cy\u0142y kamie\u0144 dunajcowy i blacha maski samochodu \u201eJelcz\u201d. Figura przedstawia Matk\u0119 Bo\u017c\u0105, a ca\u0142o\u015b\u0107 jest o\u015bwietlona lampkami elektrycznymi. Na tradycyjne \u201eMaj\u00f3wki\u201d zbiera si\u0119 w tym miejscu ok. 23 os\u00f3b, kt\u00f3rym przewodniczy\u0142a \u015b.p. Julia Chronowska, a obecnie p. Maria Kiklica i Danuta Pogwizd.<\/span><\/p>\r\n<p style=\"text-align: center;\"><strong><span style=\"font-family: 'book antiqua', palatino, serif; font-size: 24pt;\">***<\/span><\/strong><\/p>\r\n<p><span style=\"font-family: 'book antiqua', palatino, serif; font-size: 14pt;\">\r\n\r\n\r\n\r\n<\/span><\/p>\r\n<p style=\"text-align: justify;\"><span style=\"font-family: 'book antiqua', palatino, serif; font-size: 14pt;\"><strong>Kapliczka w<\/strong> <strong>K<\/strong><strong>adczy &#8211; Podg\u00f3ra<\/strong> to jeden z wi\u0119kszych obiekt\u00f3w sakralnych zbudowany przed 25 laty przez mieszka\u0144c\u00f3w Podg\u00f3ry. Mie\u015bci si\u0119 przy drodze na posesji p. Stanis\u0142awa Niemiec. Wybudowana zosta\u0142a z tzw. \u201epotrzeby serca\u201d mieszkaj\u0105cych w tym osiedlu. \u00a0We wn\u0119trzu kapliczki znajduje si\u0119 figura Jezusa Frasobliwego i obraz Matki Bo\u017cej Cz\u0119stochowskiej. To bardzo popularne miejsce wsp\u00f3lnej modlitwy nie tylko w miesi\u0105cu maju. Odbywaj\u0105 si\u0119 tutaj tak\u017ce nabo\u017ce\u0144stwa r\u00f3\u017ca\u0144cowe w pa\u017adzierniku i okoliczno\u015bciowe Msze \u015awi\u0119te \/uroczysto\u015b\u0107 Dnia Stra\u017caka, \u015bwi\u0119to Matki Bo\u017cej Zielnej\/. W Wielk\u0105 Sobot\u0119 kap\u0142ani \u015bwi\u0119c\u0105 pokarmy wielkanocne. Opiekunkami tej ma\u0142ej \u015bwi\u0105tyni s\u0105 panie: Katarzyna Waru\u015b i Maria \u0141atka. W czasie Nabo\u017ce\u0144stw Majowych gromadzi si\u0119 tu ponad 30 os\u00f3b.<\/span><\/p>\r\n<p style=\"text-align: center;\"><strong><span style=\"font-size: 24pt; font-family: 'book antiqua', palatino, serif;\">***<\/span><\/strong><\/p>\r\n<p><span style=\"font-family: 'book antiqua', palatino, serif; font-size: 14pt;\">\r\n\r\n\r\n\r\n<\/span><\/p>\r\n<p style=\"text-align: justify;\"><span style=\"font-family: 'book antiqua', palatino, serif; font-size: 14pt;\">W <strong>Obidzy <\/strong>\u2013 <strong>Bukowym Potoku<\/strong> znajduje si\u0119 kapliczka z 2000r.\u00a0 ufundowana przez\u00a0 Antoniego Kiklic\u0119, Krzysztofa S\u0142owika i Tadeusza Majerskiego. Zbudowano j\u0105 z kamienia, a w\u00a0 jej wn\u0119trzu znajduje si\u0119 posta\u0107 Matki Bo\u017cej Wspomo\u017cenia\u00a0 Wiernych. W dni majowe gromadzi si\u0119 wok\u00f3\u0142 niej\u00a0 ok. 37 mieszka\u0144c\u00f3w, by m\u00f3c wy\u015bpiewa\u0107 nabo\u017ce\u0144stwo maryjne wraz z p. Stanis\u0142aw\u0105 Florek.<\/span><\/p>\r\n<p style=\"text-align: center;\"><strong><span style=\"font-family: 'book antiqua', palatino, serif; font-size: 24pt;\">***<\/span><\/strong><\/p>\r\n<p><span style=\"font-family: 'book antiqua', palatino, serif; font-size: 14pt;\">\r\n\r\n\r\n\r\n<\/span><\/p>\r\n<p style=\"text-align: justify;\"><span style=\"font-family: 'book antiqua', palatino, serif; font-size: 14pt;\"><strong>Kapliczka<\/strong> <strong>na <\/strong><strong>\u015awink\u00f3wce <\/strong>wybudowana zosta\u0142a z drewna 20 lat temu przez p. Walantow\u0105 \/obecnie posesja p. Wojciecha Kozika\/. Fundatorka z my\u015bl\u0105 o nabo\u017ce\u0144stwach majowych i do dzi\u015b takowe s\u0105 tu odprawiane pod przewodnictwem Stanis\u0142awy Klimeckiej. Kapliczka przedstawia Matk\u0119 Bo\u017c\u0105 Majow\u0105. Zbiera si\u0119 wok\u00f3\u0142 niej oko\u0142o 21 os\u00f3b, w wi\u0119kszo\u015bci doros\u0142ych.<\/span><\/p>\r\n<p style=\"text-align: center;\"><strong><span style=\"font-size: 24pt; font-family: 'book antiqua', palatino, serif;\">***<\/span><\/strong><\/p>\r\n<p><span style=\"font-family: 'book antiqua', palatino, serif; font-size: 14pt;\">\r\n\r\n\r\n\r\n<\/span><\/p>\r\n<p style=\"text-align: justify;\"><span style=\"font-family: 'book antiqua', palatino, serif; font-size: 14pt;\"><strong>Kapliczka<\/strong> <strong>na Bystrym Wierchu<\/strong> we wsi <strong>Brzyna<\/strong> wzniesiona zosta\u0142a\u00a0 35 lat temu przez rodziny Jasiurkowskich i Kozik\u00f3w. Zbudowano j\u0105 \u00a0 z potrzeby wsp\u00f3lnej modlitwy na okoliczno\u015b\u0107 \u201eMaj\u00f3wek\u201d. Pani W\u0142adys\u0142awa Kozik gromadzi przed obliczem Matki Bo\u017cej codziennie w dni majowe ok. 26 os\u00f3b s\u0105siadek i s\u0105siad\u00f3w wraz z dzie\u0107mi.<\/span><\/p>\r\n<p><span style=\"font-family: 'book antiqua', palatino, serif; font-size: 14pt;\">\r\n\r\n\r\n\r\n<\/span><\/p>\r\n<p style=\"text-align: justify;\"><span style=\"font-family: 'book antiqua', palatino, serif; font-size: 14pt;\">W <strong>Brzynie<\/strong> <strong>na<\/strong> <strong>Muso\u0142\u00f3wce <\/strong>jest jeszcze jedno miejsce gdzie w miesi\u0105cu maju gromadzi si\u0119 grupa ok. 15 os\u00f3b wraz z p. Stanis\u0142aw\u0105 Tokarczyk. Przy kapliczce Matki Bo\u017cej z Dzieci\u0105tkiem \u015bpiewane s\u0105 pie\u015bni maryjne i modlitwy ku Jej czci. Ten obiekt sakralny ufundowa\u0142 i zbudowa\u0142 ks. Jan Majerski w 1982r, na dzia\u0142ce J\u00f3zefa Basty.<\/span><\/p>\r\n<p style=\"text-align: center;\"><strong><span style=\"font-size: 24pt; font-family: 'book antiqua', palatino, serif;\">***<\/span><\/strong><\/p>\r\n<p><span style=\"font-family: 'book antiqua', palatino, serif; font-size: 14pt;\">\r\n\r\n\r\n\r\n<\/span><\/p>\r\n<p style=\"text-align: justify;\"><span style=\"font-family: 'book antiqua', palatino, serif; font-size: 14pt;\"><strong>Kapliczka Matki Bo\u017cej R\u00f3\u017ca\u0144cowej<\/strong> (z Lourdes) wzniesiona ok. 20 lat temu z potrzeby serca W\u0142adys\u0142awa i Bronis\u0142awy Madziar. Znajduje si\u0119 \u00a0na prywatnej posesji Teresy i Zygmunta Oleksych na <strong>\u0141azach Wy\u017cnych<\/strong>. To wsp\u00f3\u0142czesna kapliczka wykonana z betonu i szk\u0142a pod\u015bwietlona w nocy \u015bwiat\u0142em elektrycznym. Odprawiane s\u0105 tu tradycyjne nabo\u017ce\u0144stwa majowe, a prowadzi je p. Teresa Oleksy wraz z okolicznymi mieszka\u0144cami w liczbie 25 os\u00f3b.<\/span><\/p>\r\n<p>&nbsp;<\/p>\r\n<p><span style=\"font-family: 'book antiqua', palatino, serif; font-size: 14pt;\">\r\n\r\n<\/span><\/p>\r\n<p style=\"text-align: justify;\"><span style=\"font-family: 'book antiqua', palatino, serif; font-size: 14pt;\"><strong>Przydro\u017cne kapliczki to cz\u0105stki naszej historii, to mi\u0142o\u015b\u0107 do Ojczyzny naznaczona trudem i znojem codziennego dnia i wielka wiara wielu pokole\u0144. S\u0105 \u015bwiadectwem naszych Ojc\u00f3w do prawa do tej ziemi i jej umi\u0142owania. S\u0105 w ko\u0144cu znakiem Bo\u017cej obecno\u015bci, testamentem przesz\u0142o\u015bci dla obecnych pokole\u0144. Mijaj\u0105c je winni\u015bmy si\u0119 zatrzyma\u0107 na bodaj chwil\u0119 i wczu\u0107 si\u0119 w \u015bwi\u0119to\u015b\u0107 tego miejsca i zaduma\u0107 si\u0119 nad przemijaniem.<\/strong>\u00a0<\/span><\/p>\r\n","protected":false},"excerpt":{"rendered":"<p>Kapliczki \u2013 wieczne pomniki dalekiej i bliskiej przesz\u0142o\u015bci, folkloru, religii i \u017carliwej wiary ludu miast, miasteczek czy wsi. S\u0105 wsz\u0119dzie: w ciszy le\u015bnych dukt\u00f3w, na polach otoczone faluj\u0105cym zbo\u017cem, na \u0142\u0105kach zatopione w polnych kwiatach, nad rzekami i strumieniami, na skrzy\u017cowaniach dr\u00f3g i rozdro\u017cach wsi, w przydomowych ogrodach. Jedne skromne, proste, dotkni\u0119te z\u0119bem czasu inne [&hellip;]<\/p>\n","protected":false},"author":1,"featured_media":0,"parent":0,"menu_order":0,"comment_status":"closed","ping_status":"closed","template":"","meta":{"ngg_post_thumbnail":0,"footnotes":""},"class_list":["post-15","page","type-page","status-publish","hentry"],"_links":{"self":[{"href":"http:\/\/parafiajazowsko.pl\/index.php\/wp-json\/wp\/v2\/pages\/15","targetHints":{"allow":["GET"]}}],"collection":[{"href":"http:\/\/parafiajazowsko.pl\/index.php\/wp-json\/wp\/v2\/pages"}],"about":[{"href":"http:\/\/parafiajazowsko.pl\/index.php\/wp-json\/wp\/v2\/types\/page"}],"author":[{"embeddable":true,"href":"http:\/\/parafiajazowsko.pl\/index.php\/wp-json\/wp\/v2\/users\/1"}],"replies":[{"embeddable":true,"href":"http:\/\/parafiajazowsko.pl\/index.php\/wp-json\/wp\/v2\/comments?post=15"}],"version-history":[{"count":10,"href":"http:\/\/parafiajazowsko.pl\/index.php\/wp-json\/wp\/v2\/pages\/15\/revisions"}],"predecessor-version":[{"id":2082,"href":"http:\/\/parafiajazowsko.pl\/index.php\/wp-json\/wp\/v2\/pages\/15\/revisions\/2082"}],"wp:attachment":[{"href":"http:\/\/parafiajazowsko.pl\/index.php\/wp-json\/wp\/v2\/media?parent=15"}],"curies":[{"name":"wp","href":"https:\/\/api.w.org\/{rel}","templated":true}]}}