{"id":19,"date":"2019-12-18T21:11:31","date_gmt":"2019-12-18T20:11:31","guid":{"rendered":"http:\/\/new.parafiajazowsko.pl\/?page_id=19"},"modified":"2020-01-07T08:16:25","modified_gmt":"2020-01-07T07:16:25","slug":"nabozenstwa","status":"publish","type":"page","link":"http:\/\/parafiajazowsko.pl\/index.php\/nabozenstwa\/","title":{"rendered":"Nabo\u017ce\u0144stwa"},"content":{"rendered":"\r\n<p style=\"text-align: justify;\"><strong>Msze \u015bwi\u0119te<\/strong><\/p>\r\n\r\n\r\n\r\n<ul class=\"wp-block-list\" style=\"text-align: justify;\">\r\n<li>niedziela i \u015bwi\u0119ta&nbsp;&nbsp;&nbsp;&nbsp;&nbsp; 7:00, 9:00, 11:00, 16:00, Kaplica w Brzynie &#8211; 9:45<\/li>\r\n<li>dni powszednie&nbsp;&nbsp;&nbsp; &nbsp;&nbsp;&nbsp; 6:00, 6:30 (wrzesie\u0144 \u2013 czerwiec),<br>&nbsp;&nbsp;&nbsp;&nbsp;&nbsp;&nbsp;&nbsp;&nbsp;&nbsp;&nbsp;&nbsp;&nbsp;&nbsp;&nbsp;&nbsp;&nbsp;&nbsp;&nbsp;&nbsp;&nbsp;&nbsp;&nbsp;&nbsp;&nbsp;&nbsp;&nbsp;&nbsp;&nbsp;&nbsp;&nbsp;&nbsp; 18:00 (w okresie letnim) lub 17:00 (w okresie zimowym)<\/li>\r\n<\/ul>\r\n\r\n\r\n\r\n<p style=\"text-align: justify;\"><br><strong>&nbsp;Nabo\u017ce\u0144stwa<\/strong><\/p>\r\n\r\n\r\n\r\n<ul class=\"wp-block-list\" style=\"text-align: justify;\">\r\n<li>niedziela 15.30 \u2013 Nieszpory lub nabo\u017ce\u0144stwa okresowe (maj, czerwiec, pa\u017adziernik, wielki post)<\/li>\r\n<li>\u015broda 18.00 (17.00) \u2013 Nowenna do Matki Bo\u017cej Nieustaj\u0105cej Pomocy<\/li>\r\n<li>czwartek 17.45 (16.45) \u2013 Nabo\u017ce\u0144stwo do Mi\u0142osierdzia Bo\u017cego i uca\u0142owanie relikwii \u015bw. Teresy z Kalkuty<\/li>\r\n<li>I sobota miesi\u0105ca &#8211; R\u00f3\u017caniec w intencji matek oczekuj\u0105cych narodzin potomstwa z b\u0142ogos\u0142awie\u0144stwem Naj\u015bwi\u0119tszym Sakramentem oraz w intencji ma\u0142\u017conk\u00f3w otwartych na dar \u017cycia<\/li>\r\n<li>pi\u0105tek w wielkim po\u015bcie \u2013 droga krzy\u017cowa po porannych mszach, o 16.30 i 19.00, gorzkie \u017cale o 15.00 i kazanie pasyjne<\/li>\r\n<li>nabo\u017ce\u0144stwa majowe i czerwcowe \u2013 17.30, pa\u017adziernikowe 17.00<\/li>\r\n<\/ul>\r\n\r\n\r\n\r\n<p style=\"text-align: justify;\"><strong>Odpust parafialny<\/strong><\/p>\r\n\r\n\r\n\r\n<ul class=\"wp-block-list\">\r\n<li style=\"text-align: justify;\">16 lipca<\/li>\r\n<li style=\"text-align: justify;\">niedziela po 8 wrze\u015bnia<\/li>\r\n<\/ul>\r\n","protected":false},"excerpt":{"rendered":"<p>Msze \u015bwi\u0119te niedziela i \u015bwi\u0119ta&nbsp;&nbsp;&nbsp;&nbsp;&nbsp; 7:00, 9:00, 11:00, 16:00, Kaplica w Brzynie &#8211; 9:45 dni powszednie&nbsp;&nbsp;&nbsp; &nbsp;&nbsp;&nbsp; 6:00, 6:30 (wrzesie\u0144 \u2013 czerwiec),&nbsp;&nbsp;&nbsp;&nbsp;&nbsp;&nbsp;&nbsp;&nbsp;&nbsp;&nbsp;&nbsp;&nbsp;&nbsp;&nbsp;&nbsp;&nbsp;&nbsp;&nbsp;&nbsp;&nbsp;&nbsp;&nbsp;&nbsp;&nbsp;&nbsp;&nbsp;&nbsp;&nbsp;&nbsp;&nbsp;&nbsp; 18:00 (w okresie letnim) lub 17:00 (w okresie zimowym) &nbsp;Nabo\u017ce\u0144stwa niedziela 15.30 \u2013 Nieszpory lub nabo\u017ce\u0144stwa okresowe (maj, czerwiec, pa\u017adziernik, wielki post) \u015broda 18.00 (17.00) \u2013 Nowenna do Matki Bo\u017cej Nieustaj\u0105cej Pomocy czwartek [&hellip;]<\/p>\n","protected":false},"author":1,"featured_media":0,"parent":0,"menu_order":0,"comment_status":"closed","ping_status":"closed","template":"","meta":{"ngg_post_thumbnail":0,"footnotes":""},"class_list":["post-19","page","type-page","status-publish","hentry"],"_links":{"self":[{"href":"http:\/\/parafiajazowsko.pl\/index.php\/wp-json\/wp\/v2\/pages\/19","targetHints":{"allow":["GET"]}}],"collection":[{"href":"http:\/\/parafiajazowsko.pl\/index.php\/wp-json\/wp\/v2\/pages"}],"about":[{"href":"http:\/\/parafiajazowsko.pl\/index.php\/wp-json\/wp\/v2\/types\/page"}],"author":[{"embeddable":true,"href":"http:\/\/parafiajazowsko.pl\/index.php\/wp-json\/wp\/v2\/users\/1"}],"replies":[{"embeddable":true,"href":"http:\/\/parafiajazowsko.pl\/index.php\/wp-json\/wp\/v2\/comments?post=19"}],"version-history":[{"count":4,"href":"http:\/\/parafiajazowsko.pl\/index.php\/wp-json\/wp\/v2\/pages\/19\/revisions"}],"predecessor-version":[{"id":457,"href":"http:\/\/parafiajazowsko.pl\/index.php\/wp-json\/wp\/v2\/pages\/19\/revisions\/457"}],"wp:attachment":[{"href":"http:\/\/parafiajazowsko.pl\/index.php\/wp-json\/wp\/v2\/media?parent=19"}],"curies":[{"name":"wp","href":"https:\/\/api.w.org\/{rel}","templated":true}]}}