{"id":21,"date":"2019-12-18T21:12:01","date_gmt":"2019-12-18T20:12:01","guid":{"rendered":"http:\/\/new.parafiajazowsko.pl\/?page_id=21"},"modified":"2020-12-20T13:34:16","modified_gmt":"2020-12-20T12:34:16","slug":"kancelaria","status":"publish","type":"page","link":"http:\/\/parafiajazowsko.pl\/index.php\/kancelaria\/","title":{"rendered":"Kancelaria"},"content":{"rendered":"\r\n<p style=\"text-align: justify;\"><strong>Kancelaria parafialna<\/strong> jest czynna codziennie p\u00f3\u0142 godziny po wieczornej mszy \u015bw. Do chorego o ka\u017cdej porze.&nbsp;<\/p>\r\n\r\n\r\n\r\n<ul>\r\n<li style=\"text-align: justify;\">&nbsp;<\/li>\r\n<\/ul>\r\n","protected":false},"excerpt":{"rendered":"<p>Kancelaria parafialna jest czynna codziennie p\u00f3\u0142 godziny po wieczornej mszy \u015bw. Do chorego o ka\u017cdej porze.&nbsp; &nbsp;<\/p>\n","protected":false},"author":1,"featured_media":0,"parent":0,"menu_order":0,"comment_status":"closed","ping_status":"closed","template":"","meta":{"ngg_post_thumbnail":0,"footnotes":""},"class_list":["post-21","page","type-page","status-publish","hentry"],"_links":{"self":[{"href":"http:\/\/parafiajazowsko.pl\/index.php\/wp-json\/wp\/v2\/pages\/21","targetHints":{"allow":["GET"]}}],"collection":[{"href":"http:\/\/parafiajazowsko.pl\/index.php\/wp-json\/wp\/v2\/pages"}],"about":[{"href":"http:\/\/parafiajazowsko.pl\/index.php\/wp-json\/wp\/v2\/types\/page"}],"author":[{"embeddable":true,"href":"http:\/\/parafiajazowsko.pl\/index.php\/wp-json\/wp\/v2\/users\/1"}],"replies":[{"embeddable":true,"href":"http:\/\/parafiajazowsko.pl\/index.php\/wp-json\/wp\/v2\/comments?post=21"}],"version-history":[{"count":4,"href":"http:\/\/parafiajazowsko.pl\/index.php\/wp-json\/wp\/v2\/pages\/21\/revisions"}],"predecessor-version":[{"id":1675,"href":"http:\/\/parafiajazowsko.pl\/index.php\/wp-json\/wp\/v2\/pages\/21\/revisions\/1675"}],"wp:attachment":[{"href":"http:\/\/parafiajazowsko.pl\/index.php\/wp-json\/wp\/v2\/media?parent=21"}],"curies":[{"name":"wp","href":"https:\/\/api.w.org\/{rel}","templated":true}]}}