{"id":28,"date":"2019-12-18T21:19:47","date_gmt":"2019-12-18T20:19:47","guid":{"rendered":"http:\/\/new.parafiajazowsko.pl\/?page_id=28"},"modified":"2020-12-26T09:03:33","modified_gmt":"2020-12-26T08:03:33","slug":"wspolnota-mamre","status":"publish","type":"page","link":"http:\/\/parafiajazowsko.pl\/index.php\/wspolnota-mamre\/","title":{"rendered":"Wsp\u00f3lnota &#8222;MAMRE&#8221;"},"content":{"rendered":"\r\n<p style=\"text-align: center;\">\u00a0<\/p>\r\n<p><img loading=\"lazy\" decoding=\"async\" class=\" wp-image-1848 aligncenter\" src=\"http:\/\/parafiajazowsko.pl\/wp-content\/uploads\/2020\/12\/logoBan.png\" alt=\"\" width=\"1395\" height=\"204\" srcset=\"http:\/\/parafiajazowsko.pl\/wp-content\/uploads\/2020\/12\/logoBan.png 930w, http:\/\/parafiajazowsko.pl\/wp-content\/uploads\/2020\/12\/logoBan-300x44.png 300w, http:\/\/parafiajazowsko.pl\/wp-content\/uploads\/2020\/12\/logoBan-768x112.png 768w\" sizes=\"auto, (max-width: 1395px) 100vw, 1395px\" \/><\/p>\r\n<p><span style=\"font-size: 14pt; font-family: 'book antiqua', palatino, serif; color: #000000;\">\r\n\r\n<\/span><\/p>\r\n<p>&nbsp;<\/p>\r\n<p style=\"text-align: center;\"><span style=\"font-size: 18pt; font-family: 'book antiqua', palatino, serif;\"><strong>Co to jest MAMRE?<\/strong><\/span><\/p>\r\n<p><span style=\"font-size: 14pt; font-family: 'book antiqua', palatino, serif;\">\r\n\r\n<\/span><\/p>\r\n<p style=\"text-align: justify;\"><span style=\"font-size: 14pt; font-family: 'book antiqua', palatino, serif;\">WPR MAMRE jest katolickim stowarzyszeniem os\u00f3b \u015bwieckich, dzia\u0142aj\u0105cym pod kierunkiem duchownych, na podstawie decyzji Arcybiskupa Cz\u0119stochowskiego. Ma charakter prorodzinny i ewangelizacyjny. Centrum Wsp\u00f3lnoty Mamre znajduje si\u0119 w diecezji cz\u0119stochowskiej, a jej zasi\u0119g obejmuje obecnie ponad 20 diecezji, g\u0142\u00f3wnie w po\u0142udniowej i \u015brodkowej Polsce.<\/span><\/p>\r\n<p><span style=\"font-size: 14pt; font-family: 'book antiqua', palatino, serif;\">\r\n\r\n<\/span><\/p>\r\n<p style=\"text-align: center;\"><span style=\"font-size: 18pt; font-family: 'book antiqua', palatino, serif;\"><strong>Co oznacza nazwa ,,Mamre\u2019\u2019?<\/strong><\/span><\/p>\r\n<p><span style=\"font-size: 14pt; font-family: 'book antiqua', palatino, serif;\">\r\n\r\n<\/span><\/p>\r\n<p style=\"text-align: justify;\"><span style=\"font-size: 14pt; font-family: 'book antiqua', palatino, serif;\">Wed\u0142ug Ksi\u0119gi Rodzaju, Abraham go\u015bci\u0142 Boga pod d\u0119bami Mamre. B\u00f3g na podstawie wcze\u015bniejszego przymierza zapowiada mu urodzenie upragnionego syna (Rdz 18). Przyj\u0119cie przez Wsp\u00f3lnot\u0119 tej nazwy podkre\u015bla znaczenie osobistego spotkania z Panem Bogiem, otwieranie si\u0119 na Jego dzia\u0142anie w \u017cyciu, znaczenie wi\u0119z\u00f3w rodzinnych i go\u015bcinno\u015b\u0107, kt\u00f3ra buduje relacje mi\u0119dzy lud\u017ami.<\/span><\/p>\r\n<p><span style=\"font-size: 14pt; font-family: 'book antiqua', palatino, serif;\">\r\n\r\n<\/span><\/p>\r\n<p style=\"text-align: center;\"><span style=\"font-size: 18pt; font-family: 'book antiqua', palatino, serif;\"><strong>Na czym polega dzia\u0142anie Wsp\u00f3lnoty?<\/strong><\/span><\/p>\r\n<p><span style=\"font-size: 14pt; font-family: 'book antiqua', palatino, serif;\">\r\n\r\n<\/span><\/p>\r\n<p style=\"text-align: justify;\"><span style=\"font-size: 14pt; font-family: 'book antiqua', palatino, serif;\">Cz\u0142onkowie Wsp\u00f3lnoty systematycznie formuj\u0105 si\u0119 poprzez rekolekcje, comiesi\u0119czne spotkania i osobist\u0105 modlitw\u0119, g\u0142\u00f3wnie opart\u0105 na S\u0142owie Bo\u017cym, aby dla dobra ca\u0142ego Ko\u015bcio\u0142a, wykorzystuj\u0105c mi\u0119dzy innymi pos\u0142ug\u0119 charyzmatyczn\u0105, organizowa\u0107 Msze \u015bw. o uzdrowienie, otwarte spotkania ewangelizacyjne (np. w Cz\u0119stochowie, Krakowie, Gliwicach), rekolekcje ewangelizacyjne czy pomoc charytatywn\u0105.<\/span><\/p>\r\n<p><span style=\"font-size: 14pt; font-family: 'book antiqua', palatino, serif;\">\r\n\r\n<\/span><\/p>\r\n<p style=\"text-align: center;\"><span style=\"font-size: 18pt; font-family: 'book antiqua', palatino, serif;\"><strong>Jak skontaktowa\u0107 si\u0119 ze Wsp\u00f3lnot\u0105 Mamre w naszej parafii?<\/strong><\/span><\/p>\r\n<p><span style=\"font-size: 14pt; font-family: 'book antiqua', palatino, serif;\">\r\n\r\n<\/span><\/p>\r\n<p style=\"text-align: justify;\"><span style=\"font-size: 14pt; font-family: 'book antiqua', palatino, serif;\">Cz\u0142onkowie WPR Mamre organizuj\u0105 cykliczne wyjazdy na msze \u015bw. o uzdrowienie i spotkania ewangelizacyjne do Krakowa (dla wszystkich) i Cz\u0119stochowy (dla m\u0142odzie\u017cy). Od listopada 2017 w ka\u017cdy 2. pi\u0105tek miesi\u0105ca prowadzone b\u0119d\u0105 medytacje biblijne przed Naj\u015bwi\u0119tszym Sakramentem, po Mszy \u015bwi\u0119tej wieczornej. Zapraszamy na nie cz\u0142onk\u00f3w Wsp\u00f3lnoty, jej sympatyk\u00f3w i wszystkich ch\u0119tnych do pog\u0142\u0119bienia swojej relacji z Panem Bogiem.<\/span><\/p>\r\n<p><span style=\"font-size: 14pt; font-family: 'book antiqua', palatino, serif;\">\r\n\r\n<\/span><\/p>\r\n<p style=\"text-align: center;\"><span style=\"font-size: 18pt; font-family: 'book antiqua', palatino, serif;\"><strong>Kontakt z cz\u0142onkami Wsp\u00f3lnoty Mamre:<\/strong><\/span><\/p>\r\n<p><span style=\"font-size: 14pt; font-family: 'book antiqua', palatino, serif;\">\r\n\r\n<\/span><\/p>\r\n<p style=\"text-align: center;\"><span style=\"font-size: 14pt; font-family: 'book antiqua', palatino, serif;\"><strong>606 260 761<\/strong> <strong>&#8211; Gra\u017cyna<\/strong><\/span><\/p>\r\n<p style=\"text-align: center;\"><span style=\"font-size: 14pt; font-family: 'book antiqua', palatino, serif;\">\r\n\r\n<\/span><\/p>\r\n<p style=\"text-align: center;\"><span style=\"font-size: 14pt; font-family: 'book antiqua', palatino, serif;\"><strong>602 481 589<\/strong> <strong>&#8211; Andrzej<\/strong><\/span><\/p>\r\n<p style=\"text-align: center;\"><span style=\"font-size: 14pt; font-family: 'book antiqua', palatino, serif;\">\r\n\r\n<\/span><\/p>\r\n<p style=\"text-align: center;\"><span style=\"font-size: 14pt; font-family: 'book antiqua', palatino, serif;\">lub poprzez kap\u0142an\u00f3w naszej parafii <br \/>(opiekun grupy: <strong>Ks. Piotr Bie\u015b<\/strong>)<\/span><\/p>\r\n","protected":false},"excerpt":{"rendered":"<p>\u00a0 &nbsp; Co to jest MAMRE? WPR MAMRE jest katolickim stowarzyszeniem os\u00f3b \u015bwieckich, dzia\u0142aj\u0105cym pod kierunkiem duchownych, na podstawie decyzji Arcybiskupa Cz\u0119stochowskiego. Ma charakter prorodzinny i ewangelizacyjny. Centrum Wsp\u00f3lnoty Mamre znajduje si\u0119 w diecezji cz\u0119stochowskiej, a jej zasi\u0119g obejmuje obecnie ponad 20 diecezji, g\u0142\u00f3wnie w po\u0142udniowej i \u015brodkowej Polsce. Co oznacza nazwa ,,Mamre\u2019\u2019? Wed\u0142ug Ksi\u0119gi [&hellip;]<\/p>\n","protected":false},"author":1,"featured_media":0,"parent":0,"menu_order":0,"comment_status":"closed","ping_status":"closed","template":"","meta":{"ngg_post_thumbnail":0,"footnotes":""},"class_list":["post-28","page","type-page","status-publish","hentry"],"_links":{"self":[{"href":"http:\/\/parafiajazowsko.pl\/index.php\/wp-json\/wp\/v2\/pages\/28","targetHints":{"allow":["GET"]}}],"collection":[{"href":"http:\/\/parafiajazowsko.pl\/index.php\/wp-json\/wp\/v2\/pages"}],"about":[{"href":"http:\/\/parafiajazowsko.pl\/index.php\/wp-json\/wp\/v2\/types\/page"}],"author":[{"embeddable":true,"href":"http:\/\/parafiajazowsko.pl\/index.php\/wp-json\/wp\/v2\/users\/1"}],"replies":[{"embeddable":true,"href":"http:\/\/parafiajazowsko.pl\/index.php\/wp-json\/wp\/v2\/comments?post=28"}],"version-history":[{"count":7,"href":"http:\/\/parafiajazowsko.pl\/index.php\/wp-json\/wp\/v2\/pages\/28\/revisions"}],"predecessor-version":[{"id":2086,"href":"http:\/\/parafiajazowsko.pl\/index.php\/wp-json\/wp\/v2\/pages\/28\/revisions\/2086"}],"wp:attachment":[{"href":"http:\/\/parafiajazowsko.pl\/index.php\/wp-json\/wp\/v2\/media?parent=28"}],"curies":[{"name":"wp","href":"https:\/\/api.w.org\/{rel}","templated":true}]}}