{"id":30,"date":"2019-12-18T21:20:58","date_gmt":"2019-12-18T20:20:58","guid":{"rendered":"http:\/\/new.parafiajazowsko.pl\/?page_id=30"},"modified":"2020-12-26T09:20:01","modified_gmt":"2020-12-26T08:20:01","slug":"lso","status":"publish","type":"page","link":"http:\/\/parafiajazowsko.pl\/index.php\/lso\/","title":{"rendered":"Liturgiczna S\u0142u\u017cba O\u0142tarza"},"content":{"rendered":"\r\n\r\n\r\n<p style=\"text-align: center;\"><span style=\"font-size: 18pt; font-family: 'book antiqua', palatino, serif;\"><strong><span style=\"font-size: 24pt;\">L<\/span><\/strong><strong><span style=\"font-size: 24pt;\">ITURGICZNA<\/span><\/strong><strong><span style=\"font-size: 24pt;\"> S\u0141U\u017bBA O\u0141TARZA<\/span><\/strong><br \/><strong>PARAFII NARODZENIA NAJ\u015aWI\u0118TSZEJ MARYI PA<\/strong><\/span><span style=\"font-size: 18pt; font-family: 'book antiqua', palatino, serif;\"><strong>NNY W JAZOWSKU<\/strong><\/span><\/p>\r\n<p>&nbsp;<\/p>\r\n<p><img loading=\"lazy\" decoding=\"async\" class=\"wp-image-1854 alignright\" style=\"text-align: center;\" src=\"http:\/\/parafiajazowsko.pl\/wp-content\/uploads\/2020\/12\/pobrane.png\" alt=\"\" width=\"305\" height=\"305\" srcset=\"http:\/\/parafiajazowsko.pl\/wp-content\/uploads\/2020\/12\/pobrane.png 225w, http:\/\/parafiajazowsko.pl\/wp-content\/uploads\/2020\/12\/pobrane-150x150.png 150w\" sizes=\"auto, (max-width: 305px) 100vw, 305px\" \/><\/p>\r\n<p style=\"text-align: justify;\"><strong><span style=\"font-size: 14pt; font-family: 'book antiqua', palatino, serif;\">\u201eMinistrant zajmuje uprzywilejowane miejsce podczas nabo\u017ce\u0144stw liturgi<\/span><\/strong><strong><span style=\"font-size: 14pt; font-family: 'book antiqua', palatino, serif;\">c<\/span><\/strong><strong><span style=\"font-size: 14pt; font-family: 'book antiqua', palatino, serif;\">zn<\/span><\/strong><strong><span style=\"font-size: 14pt; font-family: 'book antiqua', palatino, serif;\">ych. Kto s\u0142u\u017cy do Mszy \u015bw., wyst\u0119puje publicznie we wsp\u00f3lnocie. Do\u015bwiadcza z bliska, \u017ce Jezus Chrystus je<\/span><\/strong><strong><span style=\"font-size: 14pt; font-family: 'book antiqua', palatino, serif;\">s<\/span><span style=\"font-size: 14pt; font-family: 'book antiqua', palatino, serif;\">t obecny i dzia\u0142a w ka\u017cdym akcie liturgicznym(&#8230;). W ten spos\u00f3b wy, ministranci, jeste\u015bcie <\/span><\/strong><strong><span style=\"font-size: 14pt; font-family: 'book antiqua', palatino, serif;\">szczeg\u00f3lnie p<\/span><\/strong><span style=\"font-size: 14pt; font-family: 'book antiqua', palatino, serif;\"><strong>owo\u0142ani, by by\u0107 m\u0142odymi przyjaci\u00f3\u0142mi Jezusa\u201d<\/strong>. (\u015aw. Jan Pawe\u0142 II, <em>Przem\u00f3wienie do ministrant\u00f3w na Placu \u015bw. Piotra w Watykanie<\/em>, 1 sierpnia 2001 r.)<\/span><\/p>\r\n<p style=\"text-align: justify;\"><span style=\"font-size: 14pt; font-family: 'book antiqua', palatino, serif;\"><span style=\"font-size: 18pt;\"><strong>L<\/strong><\/span><\/span><span style=\"font-size: 14pt; font-family: 'book antiqua', palatino, serif;\"><span style=\"font-size: 18pt;\"><strong>iturgiczna <\/strong><\/span><\/span><span style=\"font-size: 14pt; font-family: 'book antiqua', palatino, serif;\"><span style=\"font-size: 18pt;\"><strong>S<\/strong><\/span><\/span><span style=\"font-size: 14pt; font-family: 'book antiqua', palatino, serif;\"><span style=\"font-size: 18pt;\"><strong>\u0142u\u017cba <\/strong><\/span><\/span><span style=\"font-size: 14pt; font-family: 'book antiqua', palatino, serif;\"><span style=\"font-size: 18pt;\"><strong>O<\/strong><\/span><\/span><span style=\"font-size: 14pt; font-family: 'book antiqua', palatino, serif;\"><span style=\"font-size: 18pt;\"><strong>\u0142tarza<\/strong><\/span><\/span><span style=\"font-size: 14pt; font-family: 'book antiqua', palatino, serif;\"> &#8211; gromadzi ch\u0142opc\u00f3w z naszej parafii, kt\u00f3rzy s\u0142u\u017c\u0105 przy o\u0142tarzu Pana Jezusa. S\u0142u\u017cba jest dla ka\u017cdego wielkim zaszczytem, ma ona bowiem w sobie znami\u0119 <\/span><span style=\"font-size: 14pt; font-family: 'book antiqua', palatino, serif;\">wybrania. Stoj\u0105 tam ludzie, na kt\u00f3rych w jaki\u015b szczeg\u00f3lny spos\u00f3b wejrza\u0142 B\u00f3g. Do Liturgicznej S\u0142u\u017cby O\u0142tarza nale\u017c\u0105 tak <strong>ministranci<\/strong>, jak i <strong>lektorzy<\/strong>, kt\u00f3rzy pe\u0142ni\u0105 odpowiednie pos\u0142ugi w czasie r\u00f3\u017cnoraki<\/span><span style=\"font-size: 14pt; font-family: 'book antiqua', palatino, serif;\">ch celebracji liturgicznych. Termin \u0142aci\u0144ski: &#8222;<em>ministrare<\/em>&#8221; oznacza: &#8222;<em>s\u0142u\u017cy\u0107<\/em>, <em>pomaga\u0107<\/em>&#8222;. S\u0142u\u017c\u0105c Bogu ministrant i lektor przyczynia si\u0119 do tego, aby liturgia by\u0142a pi\u0119kna. Ka\u017cdy z nich pe\u0142ni s\u0142u\u017cb\u0119 w konkretne, wyznaczone dni tygodnia.<\/span><\/p>\r\n<p style=\"text-align: justify;\"><span style=\"font-family: 'book antiqua', palatino, serif; font-size: 14pt;\"><strong>\u00a0 \u00a0 \u00a0 \u00a0 \u00a0 \u00a0 \u00a0 \u00a0 \u00a0 \u00a0 \u00a0 \u00a0 \u00a0 \u00a0 \u00a0 \u00a0 \u00a0\u00a0<\/strong><\/span><\/p>\r\n<p><img loading=\"lazy\" decoding=\"async\" class=\"wp-image-1856 alignleft\" src=\"http:\/\/parafiajazowsko.pl\/wp-content\/uploads\/2020\/12\/DSC05751-scaled.jpg\" alt=\"\" width=\"585\" height=\"329\" \/><\/p>\r\n<p style=\"text-align: center;\"><span style=\"font-size: 14pt;\"><span style=\"text-align: center; font-family: 'book antiqua', palatino, serif;\"><strong>KA\u017bDY MINISTRANT<\/strong><\/span><span style=\"text-align: center;\"><strong><span style=\"font-family: 'book antiqua', palatino, serif;\">:<\/span><\/strong><\/span><\/span><\/p>\r\n<p style=\"text-align: justify;\"><span style=\"font-family: 'book antiqua', palatino, serif; font-size: 14pt;\">1. Kocha Boga i dla jego chwa\u0142y wzorowo spe\u0142nia swoje obowi\u0105zki.<br \/><\/span><span style=\"font-family: 'book antiqua', palatino, serif; font-size: 14pt;\">2. S\u0142u\u017cy Chrystusowi\u00a0 Panu w ludziach.\u00a0<\/span><br \/><span style=\"font-family: 'book antiqua', palatino, serif; font-size: 14pt;\">3. Rozwija w sobie \u017cycie Bo\u017ce.\u00a0<\/span><br \/><span style=\"font-family: 'book antiqua', palatino, serif; font-size: 14pt;\">4. Pracuje nad swoim charakterem i czuwa nad czysto\u015bci\u0105 serca i duszy<\/span><br \/><span style=\"font-family: 'book antiqua', palatino, serif; font-size: 14pt;\">5. Poznaje liturgi\u0119, i \u017cyje ni\u0105.<\/span><br \/><span style=\"font-family: 'book antiqua', palatino, serif; font-size: 14pt;\">6. Modli si\u0119 za ojczyzn\u0119 i s\u0142u\u017cy jej rzeteln\u0105 prac\u0105.<\/span><br \/><span style=\"font-family: 'book antiqua', palatino, serif; font-size: 14pt;\">7. Jest dobrym synem i bratem.\u00a0<\/span><br \/><span style=\"font-family: 'book antiqua', palatino, serif; font-size: 14pt;\">8. Swoja chrze\u015bcija\u0144sk\u0105 postaw\u0105 wnosi wsz\u0119dzie prawdziw\u0105 rado\u015b\u0107.<\/span><br \/><span style=\"font-family: 'book antiqua', palatino, serif; font-size: 14pt;\">9. Przez swoj\u0105 pilno\u015b\u0107 i sumienno\u015b\u0107 staje si\u0119 przyk\u0142adem dla innych.<\/span><br \/><span style=\"font-family: 'book antiqua', palatino, serif; font-size: 14pt;\">10. Podobnie jak kap\u0142an stara si\u0119 by\u0107 niejako drugim Chrystusem.\u00a0<\/span><\/p>\r\n<p>&nbsp;<\/p>\r\n<p>&nbsp;<\/p>\r\n<p><img loading=\"lazy\" decoding=\"async\" class=\"wp-image-1855 alignright\" src=\"http:\/\/parafiajazowsko.pl\/wp-content\/uploads\/2020\/12\/logo-lso-225x300-225x300-1.jpg\" alt=\"\" width=\"231\" height=\"308\" \/><\/p>\r\n<p style=\"text-align: center;\"><span style=\"font-family: 'book antiqua', palatino, serif; font-size: 18pt;\"><strong>Modlitwa ministrant\u00f3w przed Msz\u0105 \u015bw.:<\/strong><\/span><\/p>\r\n<p style=\"text-align: center;\"><em><strong><span style=\"font-family: 'book antiqua', palatino, serif; font-size: 14pt;\">Oto za chwil\u0119 przyst\u0105pi\u0119 do o\u0142tarza Bo\u017cego, do Boga, kt\u00f3ry rozwesela m\u0142odo\u015b\u0107 <\/span><span style=\"font-family: 'book antiqua', palatino, serif; font-size: 14pt;\">moj\u0105, do \u015bwi\u0119tej przyst\u0119puj\u0119 s\u0142u\u017cby. Chc\u0119 j\u0105 dobrze pe\u0142ni\u0107. Prosz\u0119 Ci\u0119, Panie Jezu, o \u0142ask\u0119 skupienia, by my\u015bli moje by\u0142y przy Tobie, by oczy moje by\u0142y zwr\u00f3cone na o\u0142tarz, a serce moje oddane tylko Tobie. Amen.<\/span><\/strong><\/em><\/p>\r\n<p style=\"text-align: center;\"><br \/><span style=\"font-family: 'book antiqua', palatino, serif; font-size: 18pt;\"><strong>Modlitwa ministrant\u00f3w po Mszy \u015bw.:<\/strong><\/span><\/p>\r\n<p style=\"text-align: center;\"><em><strong><span style=\"font-family: 'book antiqua', palatino, serif; font-size: 14pt;\">Bo\u017ce, kt\u00f3rego dobro\u0107 powo\u0142a\u0142a mnie do Twej s\u0142u\u017cby, spraw abym u\u015bwi\u0119cony uczestnictwem w Twych tajemnicach, przez dzie\u0144 dzisiejszy i ca\u0142e me \u017cycie szed\u0142 tylko drog\u0105 zbawienia. Przez Chrystusa, Pana naszego. Amen.<\/span><\/strong><\/em><\/p>\r\n<p style=\"text-align: center;\">\u00a0<\/p>\r\n<p style=\"text-align: center;\"><strong><span style=\"font-family: 'book antiqua', palatino, serif; font-size: 18pt;\">***<\/span><\/strong><\/p>\r\n<p style=\"text-align: center;\"><span style=\"font-size: 18pt;\"><strong><span style=\"font-family: 'book antiqua', palatino, serif;\">DO WSP\u00d3LNOTY LSO PARAFII W JAZOWSKU AKTUALNIE NALE\u017b\u0104:<\/span><\/strong><\/span><\/p>\r\n<p style=\"text-align: center;\"><span style=\"font-size: 18pt;\"><strong><span style=\"font-family: 'book antiqua', palatino, serif;\">MINISTRANCI:\u00a0<\/span><\/strong><\/span><\/p>\r\n<p style=\"text-align: justify;\"><span style=\"font-family: 'book antiqua', palatino, serif; font-size: 14pt;\">Bober Krystian, Bodziony Karol, Bodziony Maciej, Cebula Maciej, Ciesielka Bartosz, Gucwa Mateusz, Gucwa Przemys\u0142aw, Jawor Damian, Klag Stanis\u0142aw, Kiklica Szymon, Kozik Kamil, Kubatek Kamil, Kubatek Mateusz, Kwiatkowski Wiktor, Mr\u00f3z Bart\u0142omiej, Mr\u00f3z \u0141ukasz, Owsianka Bart\u0142omiej, Owsianka B\u0142a\u017cej, Pierzcha\u0142a Jakub, Sajdak Adrian, S\u0142owik \u0141ukasz, Stolarski Szymon, Szczepaniak \u0141ukasz, Wyrostek Mateusz.<\/span><\/p>\r\n<p style=\"text-align: center;\"><span style=\"font-size: 18pt;\"><strong><span style=\"font-family: 'book antiqua', palatino, serif;\">LEKTORZY:<\/span><\/strong><\/span><\/p>\r\n<p style=\"text-align: justify;\"><span style=\"font-family: 'book antiqua', palatino, serif; font-size: 14pt;\">Cebula Jakub, Ci\u0105g\u0142o Kacper, Ligas Konrad, Mr\u00f3z Mateusz, Owsianka Szymon, Plata Dominik, Plata Przemys\u0142aw, Pierzcha\u0142a Piotr, Sajdak Adam, Stawiarski Mi\u0142osz, Stawiarski Szymon, Szczepaniak Piotr, Kozik Jakub.<\/span><\/p>\r\n<p style=\"text-align: center;\"><span style=\"font-size: 14pt; font-family: 'book antiqua', palatino, serif;\">Opiekun grupy: <strong>Ks. Piotr Bie\u015b<\/strong><\/span><\/p>\r\n<p><span style=\"font-family: 'book antiqua', palatino, serif; color: #000000;\">\r\n\r\n<\/span><\/p>\r\n<p><span style=\"color: #000000;\">\r\n\r\n<\/span><span style=\"color: #000000;\">\r\n\r\n<\/span><span style=\"color: #000000;\">\r\n\r\n<\/span><\/p>\r\n","protected":false},"excerpt":{"rendered":"<p>LITURGICZNA S\u0141U\u017bBA O\u0141TARZAPARAFII NARODZENIA NAJ\u015aWI\u0118TSZEJ MARYI PANNY W JAZOWSKU &nbsp; \u201eMinistrant zajmuje uprzywilejowane miejsce podczas nabo\u017ce\u0144stw liturgicznych. Kto s\u0142u\u017cy do Mszy \u015bw., wyst\u0119puje publicznie we wsp\u00f3lnocie. Do\u015bwiadcza z bliska, \u017ce Jezus Chrystus jest obecny i dzia\u0142a w ka\u017cdym akcie liturgicznym(&#8230;). W ten spos\u00f3b wy, ministranci, jeste\u015bcie szczeg\u00f3lnie powo\u0142ani, by by\u0107 m\u0142odymi przyjaci\u00f3\u0142mi Jezusa\u201d. (\u015aw. Jan [&hellip;]<\/p>\n","protected":false},"author":1,"featured_media":0,"parent":0,"menu_order":0,"comment_status":"closed","ping_status":"closed","template":"","meta":{"ngg_post_thumbnail":0,"footnotes":""},"class_list":["post-30","page","type-page","status-publish","hentry"],"_links":{"self":[{"href":"http:\/\/parafiajazowsko.pl\/index.php\/wp-json\/wp\/v2\/pages\/30","targetHints":{"allow":["GET"]}}],"collection":[{"href":"http:\/\/parafiajazowsko.pl\/index.php\/wp-json\/wp\/v2\/pages"}],"about":[{"href":"http:\/\/parafiajazowsko.pl\/index.php\/wp-json\/wp\/v2\/types\/page"}],"author":[{"embeddable":true,"href":"http:\/\/parafiajazowsko.pl\/index.php\/wp-json\/wp\/v2\/users\/1"}],"replies":[{"embeddable":true,"href":"http:\/\/parafiajazowsko.pl\/index.php\/wp-json\/wp\/v2\/comments?post=30"}],"version-history":[{"count":15,"href":"http:\/\/parafiajazowsko.pl\/index.php\/wp-json\/wp\/v2\/pages\/30\/revisions"}],"predecessor-version":[{"id":2100,"href":"http:\/\/parafiajazowsko.pl\/index.php\/wp-json\/wp\/v2\/pages\/30\/revisions\/2100"}],"wp:attachment":[{"href":"http:\/\/parafiajazowsko.pl\/index.php\/wp-json\/wp\/v2\/media?parent=30"}],"curies":[{"name":"wp","href":"https:\/\/api.w.org\/{rel}","templated":true}]}}