{"id":32,"date":"2019-12-18T21:21:41","date_gmt":"2019-12-18T20:21:41","guid":{"rendered":"http:\/\/new.parafiajazowsko.pl\/?page_id=32"},"modified":"2020-12-26T09:17:56","modified_gmt":"2020-12-26T08:17:56","slug":"apostolstwo-dobrej-smierci","status":"publish","type":"page","link":"http:\/\/parafiajazowsko.pl\/index.php\/apostolstwo-dobrej-smierci\/","title":{"rendered":"Apostolstwo Dobrej \u015amierci"},"content":{"rendered":"\r\n<p>&nbsp;<\/p>\r\n<p>&nbsp;<\/p>\r\n<p><img loading=\"lazy\" decoding=\"async\" class=\"wp-image-1863 aligncenter\" src=\"http:\/\/parafiajazowsko.pl\/wp-content\/uploads\/2020\/12\/unnamed2.jpg\" alt=\"\" width=\"903\" height=\"180\" srcset=\"http:\/\/parafiajazowsko.pl\/wp-content\/uploads\/2020\/12\/unnamed2.jpg 512w, http:\/\/parafiajazowsko.pl\/wp-content\/uploads\/2020\/12\/unnamed2-300x60.jpg 300w\" sizes=\"auto, (max-width: 903px) 100vw, 903px\" \/><\/p>\r\n<p><span style=\"font-family: 'book antiqua', palatino, serif; font-size: 24pt;\"><strong><em>\u00a0 \u00a0 \u00a0 \u00a0 \u00a0 \u00a0 \u00a0 \u00a0 \u00a0 \u00a0 \u00a0 \u00a0 \u00a0 \u00a0 \u00a0 \u00a0 \u00a0 \u00a0 \u00a0 \u00a0 Dobrze \u017cy\u0107 \u2013 to wiele<\/em><\/strong><\/span><\/p>\r\n<p><span style=\"font-family: 'book antiqua', palatino, serif; font-size: 24pt;\">\r\n\r\n<\/span><\/p>\r\n<p style=\"text-align: center;\"><span style=\"font-family: 'book antiqua', palatino, serif; font-size: 24pt;\"><strong><em>\u00a0 \u00a0 \u00a0 \u00a0 \u00a0 \u00a0 \u00a0 \u00a0 \u00a0 \u00a0 \u00a0 \u00a0 \u00a0 \u00a0 Dobrze umrze\u0107 \u2013 to wszystko<\/em><\/strong><\/span><\/p>\r\n<p><span style=\"font-family: 'book antiqua', palatino, serif; font-size: 14pt;\">\r\n\r\n<\/span><\/p>\r\n<p>&nbsp;<\/p>\r\n<p style=\"text-align: justify;\"><span style=\"font-family: 'book antiqua', palatino, serif; font-size: 14pt;\">Stowarzyszenie Matki Bo\u017cej Patronki Dobrej \u015amierci zwane te\u017c Apostolstwem Dobrej \u015amierci, jest \u015bci\u015ble zwi\u0105zane z kultem Matki Bo\u017cej Bolesnej. <\/span><span style=\"font-family: 'book antiqua', palatino, serif; font-size: 14pt;\">Stowarzyszenie to w obecnej formie zosta\u0142o zatwierdzone przez papie\u017ca Piusa X dnia 22 lipca 1908 roku z g\u0142\u00f3wn\u0105 siedzib\u0105 w Tinchebray we Francji. Papie\u017c ten obdarzy\u0142 to stowarzyszenie licznymi odpustami i przywilejami\u00a0 oraz nada\u0142 mu charakter uniwersalny rozci\u0105gaj\u0105c jego dzia\u0142alno\u015b\u0107 na ca\u0142y Ko\u015bci\u00f3\u0142. W roku 2004 siedziba stowarzyszenia zosta\u0142a przeniesiona z Tinchebray do La Chapelle Montligeon, gdzie r\u00f3wnie\u017c znajduje si\u0119 sanktuarium Matki Bo\u017cej i \u015awiatowe Centrum Modlitwy za zmar\u0142ych. W Polsce opiekunami s\u0105 Misjonarze \u015awi\u0119tej Rodziny z siedzib\u0105 w G\u00f3rce Klasztornej. Stowarzyszenie zosta\u0142o oddane pod szczeg\u00f3ln\u0105 opiek\u0119 Matce Bo\u017cej Bolesnej od Siedmiu Bole\u015bci i \u015bwi\u0119temu J\u00f3zefowi \u2013 dwojgu wielkim Patronom Dobrej \u015amierci.<\/span><\/p>\r\n<p style=\"text-align: center;\"><span style=\"font-size: 18pt;\"><strong><span style=\"font-family: 'book antiqua', palatino, serif;\">***<\/span><\/strong><\/span><\/p>\r\n<p><span style=\"font-family: 'book antiqua', palatino, serif; font-size: 14pt;\">\r\n\r\n<\/span><\/p>\r\n<p><span style=\"font-family: 'book antiqua', palatino, serif; font-size: 14pt;\">\r\n\r\n<\/span><\/p>\r\n<p style=\"text-align: center;\"><em><span style=\"font-family: 'book antiqua', palatino, serif; font-size: 18pt;\"><strong>Cel Stowarzyszenia:<\/strong><\/span><\/em><\/p>\r\n<p><span style=\"font-family: 'book antiqua', palatino, serif; font-size: 14pt;\">\r\n\r\n<\/span><\/p>\r\n<p style=\"text-align: center;\"><strong><span style=\"font-family: 'book antiqua', palatino, serif; font-size: 14pt;\">Wst\u0119puj\u0105cy do stowarzyszenia poprzez soje modlitwy i ofiary pragn\u0105 wyjednywa\u0107:<\/span><\/strong><\/p>\r\n<p><span style=\"font-family: 'book antiqua', palatino, serif; font-size: 14pt;\">\r\n\r\n<\/span><\/p>\r\n<ul>\r\n<li style=\"text-align: justify;\"><span style=\"font-family: 'book antiqua', palatino, serif; font-size: 14pt;\">dla wiernych katolik\u00f3w \u2013 wytrwanie w \u0142asce u\u015bwi\u0119caj\u0105cej;<\/span><\/li>\r\n<\/ul>\r\n<p><span style=\"font-family: 'book antiqua', palatino, serif; font-size: 14pt;\">\r\n\r\n<\/span><\/p>\r\n<ul>\r\n<li style=\"text-align: justify;\"><span style=\"font-family: 'book antiqua', palatino, serif; font-size: 14pt;\">dla oboj\u0119tnych religijnie i dla grzesznik\u00f3w \u2013 \u0142ask\u0119 nawr\u00f3cenia;<\/span><\/li>\r\n<\/ul>\r\n<p><span style=\"font-family: 'book antiqua', palatino, serif; font-size: 14pt;\">\r\n\r\n<\/span><\/p>\r\n<ul>\r\n<li style=\"text-align: justify;\"><span style=\"font-family: 'book antiqua', palatino, serif; font-size: 14pt;\"> dla wszystkich \u2013 dobr\u0105 i \u015bwi\u0119t\u0105 \u015bmier\u0107.<\/span><\/li>\r\n<\/ul>\r\n<p><span style=\"font-family: 'book antiqua', palatino, serif; font-size: 14pt;\">\r\n\r\n<\/span><\/p>\r\n<p style=\"text-align: center;\"><strong><span style=\"font-family: 'book antiqua', palatino, serif; font-size: 14pt;\">Realizuj\u0105c ten cel nale\u017c\u0105cy do Apostolstwa Dobrej \u015amierci:<\/span><\/strong><\/p>\r\n<p><span style=\"font-family: 'book antiqua', palatino, serif; font-size: 14pt;\">\r\n\r\n<\/span><\/p>\r\n<ul>\r\n<li style=\"text-align: justify;\"><span style=\"font-family: 'book antiqua', palatino, serif; font-size: 14pt;\">cz\u0119sto kieruj\u0105 swe my\u015bli ku wieczno\u015bci i staraj\u0105 si\u0119 wystrzega\u0107 grzechu, aby by\u0107 gotowym na \u015bmier\u0107 w ka\u017cdej chwili;<\/span><\/li>\r\n<\/ul>\r\n<p><span style=\"font-family: 'book antiqua', palatino, serif; font-size: 14pt;\">\r\n\r\n<\/span><\/p>\r\n<ul>\r\n<li style=\"text-align: justify;\"><span style=\"font-family: 'book antiqua', palatino, serif; font-size: 14pt;\">\u017cywi\u0105 szczeg\u00f3lne nabo\u017ce\u0144stwo do Matki Bo\u017cej Bolesnej i \u015bw. J\u00f3zefa;<\/span><\/li>\r\n<\/ul>\r\n<p><span style=\"font-family: 'book antiqua', palatino, serif; font-size: 14pt;\">\r\n\r\n<\/span><\/p>\r\n<ul>\r\n<li style=\"text-align: justify;\"><span style=\"font-family: 'book antiqua', palatino, serif; font-size: 14pt;\">maj\u0105 udzia\u0142 w zas\u0142ugach p\u0142yn\u0105cych ze wsp\u00f3lnych modlitw wszystkich Cz\u0142onk\u00f3w Stowarzyszenia;<\/span><\/li>\r\n<\/ul>\r\n<p><span style=\"font-family: 'book antiqua', palatino, serif; font-size: 14pt;\">\r\n\r\n<\/span><\/p>\r\n<ul>\r\n<li style=\"text-align: justify;\"><span style=\"font-family: 'book antiqua', palatino, serif; font-size: 14pt;\"> uczestnicz\u0105 w przywilejach i \u0142askach b\u0119d\u0105cych owocami odprawianych codziennie w ich intencjach Mszy \u015aw.<\/span><\/li>\r\n<\/ul>\r\n<p><span style=\"font-family: 'book antiqua', palatino, serif; font-size: 14pt;\">\r\n\r\n<\/span><\/p>\r\n<p style=\"text-align: justify;\"><span style=\"font-family: 'book antiqua', palatino, serif; font-size: 14pt;\">W Polsce od 1999 roku odprawiana jest codziennie Msza \u015aw. za \u017cyj\u0105cych i zmar\u0142ych cz\u0142onk\u00f3w Apostolstwa Dobrej \u015amierci. Ponadto przez ca\u0142y miesi\u0105c listopad codziennie sprawowana jest Msza \u015aw. za zmar\u0142ych cz\u0142onk\u00f3w Apostolstwa Dobrej \u015amierci i za zmar\u0142ych poleconych modlitwom Stowarzyszenia.<\/span><\/p>\r\n<p style=\"text-align: center;\"><strong><span style=\"font-family: 'book antiqua', palatino, serif; font-size: 18pt;\">***<\/span><\/strong><\/p>\r\n<p style=\"text-align: center;\"><span style=\"font-family: 'book antiqua', palatino, serif; font-size: 14pt;\"><em><span style=\"font-size: 18pt;\"><strong>Warunki uczestnictwa:<\/strong><\/span><\/em><\/span><\/p>\r\n<p><span style=\"font-family: 'book antiqua', palatino, serif; font-size: 14pt;\">\r\n\r\n<\/span><\/p>\r\n<p><span style=\"font-family: 'book antiqua', palatino, serif; font-size: 14pt;\">\r\n\r\n<\/span><\/p>\r\n<p><span style=\"font-family: 'book antiqua', palatino, serif; font-size: 14pt;\">\r\n\r\n<\/span><\/p>\r\n<ul>\r\n<li style=\"text-align: justify;\"><span style=\"font-family: 'book antiqua', palatino, serif; font-size: 14pt;\">wyra\u017cenie swojej zgody do wst\u0105pienia do Stowarzyszenia;<\/span><\/li>\r\n<\/ul>\r\n<p><span style=\"font-family: 'book antiqua', palatino, serif; font-size: 14pt;\">\r\n\r\n<\/span><\/p>\r\n<ul>\r\n<li style=\"text-align: justify;\"><span style=\"font-family: 'book antiqua', palatino, serif; font-size: 14pt;\">wpisanie si\u0119 do ksi\u0119gi Stowarzyszenia.<\/span><\/li>\r\n<\/ul>\r\n<p><span style=\"font-family: 'book antiqua', palatino, serif; font-size: 14pt;\">\r\n\r\n<\/span><\/p>\r\n<p style=\"text-align: justify;\"><span style=\"font-family: 'book antiqua', palatino, serif; font-size: 14pt;\">Dzieci mo\u017cna wpisywa\u0107 dopiero po przyj\u0119ciu I Komunii \u015awi\u0119tej. Os\u00f3b zmar\u0142ych nie wpisuje si\u0119, mo\u017cna jednak ich dusze poleci\u0107 modlitwom Stowarzyszenia. Stowarzyszenie jest dost\u0119pne nie tylko dla wiernych katolik\u00f3w lecz tak\u017ce dla ludzi oddalonych od Boga <\/span><span style=\"font-family: 'book antiqua', palatino, serif; font-size: 14pt;\">i Ko\u015bcio\u0142a oraz dla braci od\u0142\u0105czonych \u2013 wa\u017cne jest, aby wyrazili\u00a0 swoj\u0105 zgod\u0119 na wpis. Oni bardziej ni\u017c inni potrzebuj\u0105 przemo\u017cnej i skutecznej opieki Matki Bo\u017cej.<\/span><\/p>\r\n<p><span style=\"font-family: 'book antiqua', palatino, serif; font-size: 14pt;\">\r\n\r\n<\/span><\/p>\r\n<p style=\"text-align: justify;\"><span style=\"font-family: 'book antiqua', palatino, serif; font-size: 14pt;\">W naszej parafii Apostolstwo Dobrej \u015amierci istnieje za zgod\u0105 Ks. Kanonika Stanis\u0142awa Czerneckiego od roku 1998 i obecnie skupia 274 osoby. Jeste\u015bmy wsp\u00f3lnot\u0105 modlitewn\u0105 licz\u0105c\u0105 w Polsce 400 tysi\u0119cy os\u00f3b. Polecamy si\u0119 Matce Bo\u017cej na ostatni\u0105 godzin\u0119 swojego \u017cycia nawi\u0105zuj\u0105c do kultu Matki Bo\u017cej Bolesnej i \u015bw. J\u00f3zefa.<\/span><\/p>\r\n<p><span style=\"font-family: 'book antiqua', palatino, serif; font-size: 14pt;\">\r\n\r\n<\/span><\/p>\r\n<p style=\"text-align: center;\"><span style=\"font-family: 'book antiqua', palatino, serif; font-size: 24pt;\"><strong><em>Do\u0142\u0105cz i Ty!<\/em><\/strong><\/span><\/p>\r\n<p><span style=\"font-family: 'book antiqua', palatino, serif; font-size: 14pt;\">\r\n\r\n<\/span><\/p>\r\n<p style=\"text-align: center;\"><strong><span style=\"font-family: 'book antiqua', palatino, serif; font-size: 14pt;\">Twoje wst\u0105pienie do Apostolstwa Dobrej \u015amierci stanowi\u0107 b\u0119dzie dla Ciebie najlepsz\u0105 gwarancj\u0119 dobrej \u015bmierci. B\u0119dzie ono dobrym wykorzystaniem czasu jakiego Mi\u0142osierny B\u00f3g u\u017cycza Ci na tej ziemi. Cz\u0119sta my\u015bl o \u015bmierci jest rzeczywi\u015bcie najlepszy wykorzystaniem Bo\u017cej \u0142aski i natchnie\u0144 w obecnym \u017cyciu.<\/span><\/strong><\/p>\r\n","protected":false},"excerpt":{"rendered":"<p>&nbsp; &nbsp; \u00a0 \u00a0 \u00a0 \u00a0 \u00a0 \u00a0 \u00a0 \u00a0 \u00a0 \u00a0 \u00a0 \u00a0 \u00a0 \u00a0 \u00a0 \u00a0 \u00a0 \u00a0 \u00a0 \u00a0 Dobrze \u017cy\u0107 \u2013 to wiele \u00a0 \u00a0 \u00a0 \u00a0 \u00a0 \u00a0 \u00a0 \u00a0 \u00a0 \u00a0 \u00a0 \u00a0 \u00a0 \u00a0 Dobrze umrze\u0107 \u2013 to wszystko &nbsp; Stowarzyszenie Matki Bo\u017cej Patronki Dobrej \u015amierci zwane te\u017c [&hellip;]<\/p>\n","protected":false},"author":1,"featured_media":0,"parent":0,"menu_order":0,"comment_status":"closed","ping_status":"closed","template":"","meta":{"ngg_post_thumbnail":0,"footnotes":""},"class_list":["post-32","page","type-page","status-publish","hentry"],"_links":{"self":[{"href":"http:\/\/parafiajazowsko.pl\/index.php\/wp-json\/wp\/v2\/pages\/32","targetHints":{"allow":["GET"]}}],"collection":[{"href":"http:\/\/parafiajazowsko.pl\/index.php\/wp-json\/wp\/v2\/pages"}],"about":[{"href":"http:\/\/parafiajazowsko.pl\/index.php\/wp-json\/wp\/v2\/types\/page"}],"author":[{"embeddable":true,"href":"http:\/\/parafiajazowsko.pl\/index.php\/wp-json\/wp\/v2\/users\/1"}],"replies":[{"embeddable":true,"href":"http:\/\/parafiajazowsko.pl\/index.php\/wp-json\/wp\/v2\/comments?post=32"}],"version-history":[{"count":9,"href":"http:\/\/parafiajazowsko.pl\/index.php\/wp-json\/wp\/v2\/pages\/32\/revisions"}],"predecessor-version":[{"id":2099,"href":"http:\/\/parafiajazowsko.pl\/index.php\/wp-json\/wp\/v2\/pages\/32\/revisions\/2099"}],"wp:attachment":[{"href":"http:\/\/parafiajazowsko.pl\/index.php\/wp-json\/wp\/v2\/media?parent=32"}],"curies":[{"name":"wp","href":"https:\/\/api.w.org\/{rel}","templated":true}]}}