{"id":34,"date":"2019-12-18T21:26:12","date_gmt":"2019-12-18T20:26:12","guid":{"rendered":"http:\/\/new.parafiajazowsko.pl\/?page_id=34"},"modified":"2021-02-02T22:25:14","modified_gmt":"2021-02-02T21:25:14","slug":"dsm","status":"publish","type":"page","link":"http:\/\/parafiajazowsko.pl\/index.php\/dsm\/","title":{"rendered":"Dziewcz\u0119ca S\u0142u\u017cba Maryjna"},"content":{"rendered":"\r\n<p style=\"text-align: center;\"><span style=\"font-family: 'book antiqua', palatino, serif; font-size: 24pt;\"><strong>Dziewcz\u0119ca S\u0142u\u017cba Maryjna <br \/><\/strong><\/span><span style=\"font-family: 'book antiqua', palatino, serif; font-size: 18pt;\"><strong>PARAFII NARODZENIA NAJ\u015aWI\u0118TSZEJ MARYI PANNY W JAZOWSKU<\/strong><\/span><\/p>\r\n<p><img loading=\"lazy\" decoding=\"async\" class=\"wp-image-1867 alignleft\" src=\"http:\/\/parafiajazowsko.pl\/wp-content\/uploads\/2020\/12\/IMG_1225-1-scaled.jpg\" alt=\"\" width=\"418\" height=\"577\" srcset=\"http:\/\/parafiajazowsko.pl\/wp-content\/uploads\/2020\/12\/IMG_1225-1-scaled.jpg 1855w, http:\/\/parafiajazowsko.pl\/wp-content\/uploads\/2020\/12\/IMG_1225-1-217x300.jpg 217w, http:\/\/parafiajazowsko.pl\/wp-content\/uploads\/2020\/12\/IMG_1225-1-742x1024.jpg 742w, http:\/\/parafiajazowsko.pl\/wp-content\/uploads\/2020\/12\/IMG_1225-1-768x1060.jpg 768w, http:\/\/parafiajazowsko.pl\/wp-content\/uploads\/2020\/12\/IMG_1225-1-1113x1536.jpg 1113w, http:\/\/parafiajazowsko.pl\/wp-content\/uploads\/2020\/12\/IMG_1225-1-1484x2048.jpg 1484w\" sizes=\"auto, (max-width: 418px) 100vw, 418px\" \/><\/p>\r\n<p><span style=\"font-family: 'book antiqua', palatino, serif; font-size: 14pt;\">\r\n\r\n<\/span><\/p>\r\n<p style=\"text-align: center;\"><span style=\"font-family: 'book antiqua', palatino, serif; font-size: 14pt;\"><strong>Spotkania Dziewcz\u0119cej s\u0142u\u017cy Maryjnej odbywaj\u0105 si\u0119 w pi\u0105tki przed Msz\u0105 \u015bw. wieczorn\u0105.<\/strong> <\/span><\/p>\r\n<p>&nbsp;<\/p>\r\n<p style=\"text-align: center;\"><span style=\"font-family: 'book antiqua', palatino, serif; font-size: 14pt;\">Grupa liczy obecnie <strong>26<\/strong><\/span><span style=\"font-family: 'book antiqua', palatino, serif; font-size: 14pt;\">\u00a0<\/span><span style=\"font-family: 'book antiqua', palatino, serif; font-size: 14pt;\"><strong>dziewczynek<\/strong>. <\/span><\/p>\r\n<p style=\"text-align: center;\"><span style=\"font-family: 'book antiqua', palatino, serif; font-size: 14pt;\">Opiekunem grupy jest <strong>Ks. Mateusz Odziomek<\/strong><\/span><\/p>\r\n<p><span style=\"font-family: 'book antiqua', palatino, serif; font-size: 14pt;\">\r\n\r\n<\/span><\/p>\r\n<p>&nbsp;<\/p>\r\n<p style=\"text-align: center;\"><span style=\"font-family: 'book antiqua', palatino, serif; font-size: 18pt;\"><strong>DSM &#8211; Dziewcz\u0119ca S\u0142u\u017cba Maryjna<\/strong><\/span><\/p>\r\n<p><span style=\"font-family: 'book antiqua', palatino, serif; font-size: 14pt;\">\r\n\r\n<\/span><\/p>\r\n<p style=\"text-align: justify;\"><span style=\"font-family: 'book antiqua', palatino, serif; font-size: 14pt;\">W parafiach Diecezji Tarnowskiej jest obecnie ponad 150 grup Dziewcz\u0119cej S\u0142u\u017cby Maryjnej. Tworzy je ponad 4000 dziewcz\u0105t w wieku od 10-18 lat. Grupy te prowadzi ponad 200 os\u00f3b, w\u015br\u00f3d kt\u00f3rych zaanga\u017cowanych jest wiele os\u00f3b \u015bwieckich, (w wi\u0119kszo\u015bci s\u0105 to osoby katechizuj\u0105ce w szko\u0142ach). Ksi\u0119\u017com i Siostrom Zakonnym odpowiedzialnym za formacj\u0119 dziewcz\u0105t, nale\u017c\u0105cych do DSM pomagaj\u0105 przewodniczki &#8211; przyjmowane do tej pos\u0142ugi po uko\u0144czeniu szkolenia podczas kurs\u00f3w formacyjnych, prowadzonych przez Duszpasterstwo M\u0142odzie\u017cy Kurii Diecezjalnej w Tarnowie.<\/span><\/p>\r\n<p>&nbsp;<\/p>\r\n<p>&nbsp;<\/p>\r\n<p><span style=\"font-family: 'book antiqua', palatino, serif; font-size: 14pt;\">\r\n\r\n<\/span><\/p>\r\n<p>&nbsp;<\/p>\r\n<p>&nbsp;<\/p>\r\n<p><img loading=\"lazy\" decoding=\"async\" class=\"wp-image-1868 alignright\" src=\"http:\/\/parafiajazowsko.pl\/wp-content\/uploads\/2020\/12\/IMG_0903-scaled.jpg\" alt=\"\" width=\"529\" height=\"397\" srcset=\"http:\/\/parafiajazowsko.pl\/wp-content\/uploads\/2020\/12\/IMG_0903-scaled.jpg 2560w, http:\/\/parafiajazowsko.pl\/wp-content\/uploads\/2020\/12\/IMG_0903-300x225.jpg 300w, http:\/\/parafiajazowsko.pl\/wp-content\/uploads\/2020\/12\/IMG_0903-1024x768.jpg 1024w, http:\/\/parafiajazowsko.pl\/wp-content\/uploads\/2020\/12\/IMG_0903-768x576.jpg 768w, http:\/\/parafiajazowsko.pl\/wp-content\/uploads\/2020\/12\/IMG_0903-1536x1152.jpg 1536w, http:\/\/parafiajazowsko.pl\/wp-content\/uploads\/2020\/12\/IMG_0903-2048x1536.jpg 2048w\" sizes=\"auto, (max-width: 529px) 100vw, 529px\" \/><\/p>\r\n<p style=\"text-align: center;\"><em><span style=\"font-family: 'book antiqua', palatino, serif; font-size: 18pt;\"><strong>Za\u0142o\u017cenia programowe:<\/strong><\/span><\/em><\/p>\r\n<p><span style=\"font-family: 'book antiqua', palatino, serif; font-size: 14pt;\">\r\n\r\n<\/span><\/p>\r\n<p style=\"text-align: justify;\"><span style=\"font-family: 'book antiqua', palatino, serif; font-size: 14pt;\">Nazwa <em><strong>Dziewcz\u0119ca S\u0142u\u017cba Maryjna<\/strong><\/em> zawiera najkr\u00f3tsz\u0105 syntez\u0119 programu duszpasterskiego realizowanego dla duchowego i moralnego rozwoju dziewcz\u0105t. Oto pe\u0142niejszy sens okre\u015blenia Dziewcz\u0119ca S\u0142u\u017cba Maryjna;<\/span><\/p>\r\n<p><span style=\"font-family: 'book antiqua', palatino, serif; font-size: 14pt;\">\r\n\r\n<\/span><\/p>\r\n<p style=\"text-align: justify;\"><span style=\"font-family: 'book antiqua', palatino, serif; font-size: 14pt;\"><strong>Dziewcz\u0119ca<\/strong> \u2013 \u015bwiadomie i wbrew modnej dzi\u015b i wszechobecnej koedukacji, prowadzimy prac\u0119 z dziewcz\u0119tami maj\u0105c na uwadze szczeg\u00f3lnie te potrzeby, kt\u00f3re wynikaj\u0105 z faktu, \u017ce s\u0105 kobietami \u201ein statu ferii\u201d &#8211; czyli na tym etapie, kiedy kobieco\u015b\u0107 w nich dopiero si\u0119 budzi i rozwija. Chcemy pom\u00f3c im zar\u00f3wno w odkryciu w\u0142a\u015bciwego obrazu idea\u0142u dziewczyny i kobiety chrze\u015bcija\u0144skiej, jak i w trudnej pracy nad kszta\u0142towaniem swej osobowo\u015bci. Do naszych grup mog\u0105 nale\u017ce\u0107 dziewcz\u0119ta w wieku od 9 do 16 lat.<\/span><\/p>\r\n<p>&nbsp;<\/p>\r\n<p>&nbsp;<\/p>\r\n<p><img loading=\"lazy\" decoding=\"async\" class=\" wp-image-1869 alignleft\" src=\"http:\/\/parafiajazowsko.pl\/wp-content\/uploads\/2020\/12\/unnamed.jpg\" alt=\"\" width=\"248\" height=\"465\" srcset=\"http:\/\/parafiajazowsko.pl\/wp-content\/uploads\/2020\/12\/unnamed.jpg 273w, http:\/\/parafiajazowsko.pl\/wp-content\/uploads\/2020\/12\/unnamed-160x300.jpg 160w\" sizes=\"auto, (max-width: 248px) 100vw, 248px\" \/><\/p>\r\n<p><span style=\"font-family: 'book antiqua', palatino, serif; font-size: 14pt;\">\r\n\r\n<\/span><\/p>\r\n<p style=\"text-align: justify;\"><span style=\"font-family: 'book antiqua', palatino, serif; font-size: 14pt;\"><strong>S\u0142u\u017cba<\/strong> \u2013 okre\u015blenie to m\u00f3wi o celu istnienia grupy. Jest nim najog\u00f3lniej m\u00f3wi\u0105c s\u0142u\u017cba, czyli dzia\u0142anie dla czyjego\u015b dobra, po\u015bwi\u0119cenie si\u0142, praca dla jakiej\u015b wa\u017cnej i dobrej sprawy czy idei. S\u0142u\u017cy\u0107, to znaczy tak\u017ce \u201eby\u0107 do czyjej\u015b dyspozycji, by\u0107 komu\u015b w czym\u015b pomocnym\u201d (por. <em>S\u0142ownik j\u0119zyka polskiego<\/em>, t. III, s. 262, Warszawa 1981). Inspiracj\u0119 do kszta\u0142towania takiej postawy mo\u017cna czerpa\u0107 zar\u00f3wno z \u017cycia \u015bwieckiego, w kt\u00f3rym nawet okre\u015blone wa\u017cne zawody nazywa si\u0119 s\u0142u\u017cb\u0105 (s\u0142u\u017cba zdrowia, s\u0142u\u017cba wojskowa, itp.), jak i przede wszystkim ze \u017ar\u00f3de\u0142 religijnych. Sam Chrystus, Syn Bo\u017cy, nazywany przez Prorok\u00f3w Starego Testamentu \u201eS\u0142ug\u0105 Jahwe\u201d, przyszed\u0142, aby s\u0142u\u017cy\u0107 i poleci\u0142 Aposto\u0142om, by byli s\u0142ugami wszystkich. Szczeg\u00f3lnie bliskim i zawsze aktualnym idea\u0142em s\u0142u\u017cby jest dla dziewcz\u0105t Maryja. Dlatego przyj\u0119ta nazwa zawiera przymiotnik \u201eMaryjna\u201d.<\/span><\/p>\r\n<p><span style=\"font-family: 'book antiqua', palatino, serif; font-size: 14pt;\">\r\n\r\n<\/span><\/p>\r\n<p>&nbsp;<\/p>\r\n<p style=\"text-align: justify;\"><span style=\"font-family: 'book antiqua', palatino, serif; font-size: 14pt;\"><strong>Maryjna<\/strong> \u2013 Dziewica z Nazaretu powiedzia\u0142a przy Zwiastowaniu, \u017ce jest i pragnie by\u0107 zawsze s\u0142u\u017cebnic\u0105 Pa\u0144sk\u0105. W czasie swego ziemskiego \u017cycia s\u0142u\u017cy\u0142a Chrystusowi, pomaga\u0142a Aposto\u0142om i pierwszym gminom chrze\u015bcija\u0144skim. Teraz s\u0142u\u017cy Ko\u015bcio\u0142owi jako Jego najlepsza Matka\u201d.<\/span><\/p>\r\n<p>&nbsp;<\/p>\r\n<p>&nbsp;<\/p>\r\n<p>&nbsp;<\/p>\r\n<p style=\"text-align: center;\"><span style=\"font-size: 18pt;\"><strong><span style=\"font-family: 'book antiqua', palatino, serif;\">WSZYSTKIE CH\u0118TNE DZIEWCZYNKI Z NASZEJ PARAFII ZAPRASZAMY <br \/>DO PRZE\u017bYCIA PRZYGODY RAZEM Z MARYJ\u0104!<\/span><\/strong><\/span><\/p>\r\n\r\n<p>&nbsp;<\/p>","protected":false},"excerpt":{"rendered":"<p>Dziewcz\u0119ca S\u0142u\u017cba Maryjna PARAFII NARODZENIA NAJ\u015aWI\u0118TSZEJ MARYI PANNY W JAZOWSKU Spotkania Dziewcz\u0119cej s\u0142u\u017cy Maryjnej odbywaj\u0105 si\u0119 w pi\u0105tki przed Msz\u0105 \u015bw. wieczorn\u0105. &nbsp; Grupa liczy obecnie 26\u00a0dziewczynek. Opiekunem grupy jest Ks. Mateusz Odziomek &nbsp; DSM &#8211; Dziewcz\u0119ca S\u0142u\u017cba Maryjna W parafiach Diecezji Tarnowskiej jest obecnie ponad 150 grup Dziewcz\u0119cej S\u0142u\u017cby Maryjnej. Tworzy je ponad 4000 [&hellip;]<\/p>\n","protected":false},"author":1,"featured_media":0,"parent":0,"menu_order":0,"comment_status":"closed","ping_status":"closed","template":"","meta":{"ngg_post_thumbnail":0,"footnotes":""},"class_list":["post-34","page","type-page","status-publish","hentry"],"_links":{"self":[{"href":"http:\/\/parafiajazowsko.pl\/index.php\/wp-json\/wp\/v2\/pages\/34","targetHints":{"allow":["GET"]}}],"collection":[{"href":"http:\/\/parafiajazowsko.pl\/index.php\/wp-json\/wp\/v2\/pages"}],"about":[{"href":"http:\/\/parafiajazowsko.pl\/index.php\/wp-json\/wp\/v2\/types\/page"}],"author":[{"embeddable":true,"href":"http:\/\/parafiajazowsko.pl\/index.php\/wp-json\/wp\/v2\/users\/1"}],"replies":[{"embeddable":true,"href":"http:\/\/parafiajazowsko.pl\/index.php\/wp-json\/wp\/v2\/comments?post=34"}],"version-history":[{"count":10,"href":"http:\/\/parafiajazowsko.pl\/index.php\/wp-json\/wp\/v2\/pages\/34\/revisions"}],"predecessor-version":[{"id":2596,"href":"http:\/\/parafiajazowsko.pl\/index.php\/wp-json\/wp\/v2\/pages\/34\/revisions\/2596"}],"wp:attachment":[{"href":"http:\/\/parafiajazowsko.pl\/index.php\/wp-json\/wp\/v2\/media?parent=34"}],"curies":[{"name":"wp","href":"https:\/\/api.w.org\/{rel}","templated":true}]}}