{"id":36,"date":"2019-12-18T21:27:11","date_gmt":"2019-12-18T20:27:11","guid":{"rendered":"http:\/\/new.parafiajazowsko.pl\/?page_id=36"},"modified":"2020-12-26T09:06:01","modified_gmt":"2020-12-26T08:06:01","slug":"honorowa-straz-nspj","status":"publish","type":"page","link":"http:\/\/parafiajazowsko.pl\/index.php\/honorowa-straz-nspj\/","title":{"rendered":"Stra\u017c Honorowa NSPJ"},"content":{"rendered":"\r\n<p><img loading=\"lazy\" decoding=\"async\" class=\" wp-image-1872 alignleft\" src=\"http:\/\/parafiajazowsko.pl\/wp-content\/uploads\/2020\/12\/logo-strazowe-polskie-napisy-bez-tla-250x250-1.png\" alt=\"\" width=\"393\" height=\"393\" srcset=\"http:\/\/parafiajazowsko.pl\/wp-content\/uploads\/2020\/12\/logo-strazowe-polskie-napisy-bez-tla-250x250-1.png 250w, http:\/\/parafiajazowsko.pl\/wp-content\/uploads\/2020\/12\/logo-strazowe-polskie-napisy-bez-tla-250x250-1-150x150.png 150w\" sizes=\"auto, (max-width: 393px) 100vw, 393px\" \/><\/p>\r\n<p style=\"text-align: center;\"><span style=\"font-family: 'book antiqua', palatino, serif; font-size: 18pt;\"><strong>INFORMACJE PRAKTYCZNE:<\/strong><\/span><\/p>\r\n<p><span style=\"font-family: 'book antiqua', palatino, serif; font-size: 14pt;\">\r\n\r\n<\/span><\/p>\r\n<p style=\"text-align: center;\"><span style=\"font-family: 'book antiqua', palatino, serif; font-size: 14pt;\">Opiekunem Stra\u017cy Honorowej w naszej parafii jest <strong>Ks. Proboszcz Miros\u0142aw Papier<\/strong><\/span><\/p>\r\n<p><span style=\"font-family: 'book antiqua', palatino, serif; font-size: 14pt;\">\r\n\r\n<\/span><\/p>\r\n<p style=\"text-align: justify;\"><span style=\"font-family: 'book antiqua', palatino, serif; font-size: 14pt;\"><strong>W ka\u017cdy pierwszy pi\u0105tek miesi\u0105ca przed Msz\u0105 \u015bw. \u015bpiewane s\u0105 godzinki ku czci Serca Pana Jezusa, a po Mszy \u015bw. wieczornej cz\u0142onkowie Stra\u017cy i nie tylko, zbieraj\u0105 si\u0119 na godzinnej adoracji przed Naj\u015bwi\u0119tszym Sakramentem, aby wynagradza\u0107 Bo\u017cemu Sercu zranionemu naszymi grzechami.<\/strong><\/span><\/p>\r\n<p><span style=\"font-family: 'book antiqua', palatino, serif; font-size: 14pt;\">\r\n\r\n<\/span><\/p>\r\n<p style=\"text-align: justify;\"><span style=\"font-family: 'book antiqua', palatino, serif; font-size: 14pt;\">Miesi\u0105c czerwiec to szczeg\u00f3lny okres dla cz\u0142onk\u00f3w Stra\u017cy Honorowej. W miesi\u0105cu tym, jest \u015bwi\u0119to Naj\u015bwi\u0119tszego Serca Pana Jezusa. To spotkanie wszystkich cz\u0142onk\u00f3w z ca\u0142ej Polski na Jasnej G\u00f3rze u Matki Serca Jezusowego.<\/span><\/p>\r\n<p><span style=\"font-family: 'book antiqua', palatino, serif; font-size: 14pt;\">\r\n\r\n<\/span><\/p>\r\n<p>&nbsp;<\/p>\r\n<p>&nbsp;<\/p>\r\n<p>&nbsp;<\/p>\r\n<p style=\"text-align: center;\"><span style=\"font-family: 'book antiqua', palatino, serif; font-size: 18pt;\"><strong>GAR\u015a\u0106 INFORMACJI O STRA\u017bY HONOROWEJ NAJ\u015aWI\u0118TSZEGO SERCA PANA JEZUSA<\/strong><\/span><\/p>\r\n<p><span style=\"font-family: 'book antiqua', palatino, serif; font-size: 14pt;\">\r\n\r\n<\/span><\/p>\r\n<p><img loading=\"lazy\" decoding=\"async\" class=\"size-full wp-image-1873 alignright\" src=\"http:\/\/parafiajazowsko.pl\/wp-content\/uploads\/2020\/12\/Pan-Jezus-Najs\u0301wie\u0328tsze-Serce.jpg\" alt=\"\" width=\"600\" height=\"400\" \/><\/p>\r\n<p style=\"text-align: justify;\"><span style=\"font-family: 'book antiqua', palatino, serif; font-size: 14pt;\">Stra\u017c Honorowa Naj\u015bwi\u0119tszego Serca Pana Jezusa (SHNSPJ) jest stowarzyszeniem skupiaj\u0105cym ludzi pragn\u0105cych odpowiedzie\u0107 na skarg\u0119 Pana Jezusa w Ogr\u00f3jcu: \u201eCzy nie mogli\u015bcie czuwa\u0107 jednej godziny ze Mn\u0105?\u201d. <\/span><span style=\"font-family: 'book antiqua', palatino, serif; font-size: 14pt;\">Jej cz\u0142onkowie staraj\u0105 si\u0119 swoim wynagrodzeniem i mi\u0142o\u015bci\u0105 pociesza\u0107 Jezusowe Serce, nape\u0142nione bole\u015bci\u0105 z powodu zapomnienia i niewdzi\u0119czno\u015bci ludzkiej. To Serce, zranione niegdy\u015b na krzy\u017cu w\u0142\u00f3czni\u0105 setnika, a wci\u0105\u017c ranione przez nasze grzechy, mimo i\u017c jest Ono \u017ar\u00f3d\u0142em mocy i chrze\u015bcija\u0144skiej nadziei. Dewiz\u0105 Arcybractwa jest wi\u0119c: cze\u015b\u0107, mi\u0142o\u015b\u0107, wynagrodzenie Sercu Jezusa.<\/span><\/p>\r\n<p><span style=\"font-family: 'book antiqua', palatino, serif; font-size: 14pt;\">\r\n\r\n<\/span><\/p>\r\n<p><span style=\"font-family: 'book antiqua', palatino, serif; font-size: 14pt;\">\r\n\r\n<\/span><\/p>\r\n<p style=\"text-align: justify;\"><span style=\"font-family: 'book antiqua', palatino, serif; font-size: 14pt;\">W tym celu cz\u0142onkowie Stra\u017cy obieraj\u0105 sobie jedn\u0105 godzin\u0119 w ci\u0105gu dnia, aby w\u015br\u00f3d codziennych zaj\u0119\u0107, my\u015bl\u0105 i sercem towarzyszy\u0107 Jezusowi obecnemu w tabernakulum, oddawa\u0107 Mu cze\u015b\u0107, wynagradza\u0107 oraz ofiarowywa\u0107 swoje \u017cycie, a nade wszystko wiern\u0105 mi\u0142o\u015b\u0107.<\/span><\/p>\r\n<p><span style=\"font-family: 'book antiqua', palatino, serif; font-size: 14pt;\">\r\n\r\n<\/span><\/p>\r\n<p>&nbsp;<\/p>\r\n<p style=\"text-align: center;\"><em><span style=\"font-family: 'book antiqua', palatino, serif; font-size: 18pt;\"><strong>Zadaniem Arcybractwa jest zatem:<\/strong><\/span><\/em><\/p>\r\n<p><span style=\"font-family: 'book antiqua', palatino, serif; font-size: 14pt;\">\r\n\r\n<\/span><\/p>\r\n<ul class=\"wp-block-list\" style=\"text-align: justify;\">\r\n<li><span style=\"font-family: 'book antiqua', palatino, serif; font-size: 14pt;\">rozwijanie nabo\u017ce\u0144stwa do Bo\u017cego Serca b\u0119d\u0105cego lekarstwem, kt\u00f3re nie tylko uzdrawia, ale r\u00f3wnie\u017c zapobiega sekularyzacji, zmierzaj\u0105cej do wyeliminowania widzialnych znak\u00f3w wiary chrze\u015bcija\u0144skiej;<\/span><\/li>\r\n<li><span style=\"font-family: 'book antiqua', palatino, serif; font-size: 14pt;\">ca\u0142kowite po\u015bwi\u0119canie si\u0119 Bo\u017cemu Sercu, tak aby mog\u0142o dokonywa\u0107 si\u0119 uzdrawianie \u017cycia moralnego cz\u0142owieka, rozw\u00f3j jego cn\u00f3t i r\u00f3\u017cnorodnych dar\u00f3w Ducha \u015bw.<\/span><\/li>\r\n<li><span style=\"font-family: 'book antiqua', palatino, serif; font-size: 14pt;\">przez pog\u0142\u0119bianie wiary umacnianie \u017cycia apostolskiego i realizacja obowi\u0105zk\u00f3w rodzinnych i zawodowych w u\u015bwi\u0119caj\u0105cej mi\u0142o\u015bci Chrystusa;<\/span><\/li>\r\n<li><span style=\"font-family: 'book antiqua', palatino, serif; font-size: 14pt;\">budzenie \u015bwiadomej mi\u0142o\u015bci do bli\u017aniego przez podejmowanie pracy nad w\u0142asnym sercem, aby synowsk\u0105 mi\u0142o\u015b\u0107 do Boga \u0142\u0105czy\u0107 z mi\u0142o\u015bci\u0105 bratersk\u0105.<\/span><\/li>\r\n<\/ul>\r\n<p><span style=\"font-family: 'book antiqua', palatino, serif; font-size: 14pt;\">\r\n\r\n<\/span><\/p>\r\n<p style=\"text-align: justify;\"><span style=\"font-family: 'book antiqua', palatino, serif; font-size: 14pt;\">Dzi\u0119ki tej formie pobo\u017cno\u015bci, cz\u0142onkowie Arcybractwa kszta\u0142tuj\u0105 swoje \u017cycie wewn\u0119trzne, realizuj\u0105c na co dzie\u0144 powo\u0142anie do \u015bwi\u0119to\u015bci i wsp\u00f3\u0142uczestnicz\u0105c w dziele zbawienia \u015bwiata oraz Nowej Ewangelizacji.<\/span><\/p>\r\n<p><span style=\"font-family: 'book antiqua', palatino, serif; font-size: 14pt;\">\r\n\r\n<\/span><\/p>\r\n<p>&nbsp;<\/p>\r\n<p style=\"text-align: center;\"><em><span style=\"font-family: 'book antiqua', palatino, serif; font-size: 18pt;\"><strong>Obowi\u0105zki Cz\u0142onka Stra\u017cy Honorowej Naj\u015bwi\u0119tszego Serca Pana Jezusa<\/strong><\/span><\/em><\/p>\r\n<p><span style=\"font-family: 'book antiqua', palatino, serif; font-size: 14pt;\">\r\n\r\n<\/span><\/p>\r\n<ul class=\"wp-block-list\" style=\"text-align: justify;\">\r\n<li><span style=\"font-family: 'book antiqua', palatino, serif; font-size: 14pt;\">Wiernie odprawia\u0107 Godzin\u0119 Obecno\u015bci przy sercu Bo\u017cym<\/span><\/li>\r\n<li><span style=\"font-family: 'book antiqua', palatino, serif; font-size: 14pt;\">Bra\u0107 udzia\u0142 w Godzinie \u015awi\u0119tej (wsp\u00f3lnie lub indywidualnie)<\/span><\/li>\r\n<li><span style=\"font-family: 'book antiqua', palatino, serif; font-size: 14pt;\">Bra\u0107 udzia\u0142 we Mszy \u015bw. wynagradzaj\u0105cej Bo\u017cemu Sercu za swoje grzechy i ca\u0142ego \u015bwiata w I pi\u0105tek miesi\u0105ca<\/span><\/li>\r\n<li><span style=\"font-family: 'book antiqua', palatino, serif; font-size: 14pt;\">Szerzy\u0107 kult Naj\u015bwi\u0119tszego Serca Pana Jezusa<\/span><\/li>\r\n<li><span style=\"font-family: 'book antiqua', palatino, serif; font-size: 14pt;\">Nawiedza\u0107 Naj\u015bwi\u0119tszy Sakrament (ka\u017cdy czwartek od godz. 15.00)<\/span><\/li>\r\n<\/ul>\r\n<p><span style=\"font-family: 'book antiqua', palatino, serif; font-size: 14pt;\">\r\n\r\n<\/span><\/p>\r\n<p style=\"text-align: center;\"><span style=\"font-family: 'book antiqua', palatino, serif; font-size: 18pt;\"><strong>Patronowie Stra\u017cy Honorowej Naj\u015bwi\u0119tszego Serca Pana Jezusa<\/strong><\/span><\/p>\r\n<p><span style=\"font-family: 'book antiqua', palatino, serif; font-size: 14pt;\">\r\n\r\n<\/span><\/p>\r\n<p style=\"text-align: justify;\"><span style=\"font-family: 'book antiqua', palatino, serif; font-size: 14pt;\">Stra\u017c Honorowa NSPJ mo\u017ce pochwali\u0107 si\u0119 wieloma obietnicami Mistrza, kt\u00f3re sk\u0142ada\u0142 w s\u0142owach skierowanych do swych \u201esekretarek\u201d \u2013 Ma\u0142gorzaty Marii Alacoque i p\u00f3\u017aniej do s. Marii od Naj\u015bwi\u0119tszego Serca Bernaud. Mi\u0119dzy innymi powiedzia\u0142: \u201eZ rado\u015bci\u0105 czerpa\u0107 b\u0119d\u0105 ze \u017ar\u00f3de\u0142 Zbawiciela\u201d.<\/span><\/p>\r\n<p><span style=\"font-family: 'book antiqua', palatino, serif; font-size: 14pt;\">\r\n\r\n<\/span><\/p>\r\n<p style=\"text-align: justify;\"><span style=\"font-family: 'book antiqua', palatino, serif; font-size: 14pt;\">Bazuj\u0105c na tych przyrzeczeniach, Stra\u017c Honorowa prowadzi swych cz\u0142onk\u00f3w do \u0179r\u00f3d\u0142a wytryskuj\u0105cego ze zranionego Serca Jezusowego przy pomocy pi\u0119ciu patron\u00f3w, kt\u00f3rymi s\u0105:<\/span><\/p>\r\n<p><span style=\"font-family: 'book antiqua', palatino, serif; font-size: 14pt;\">\r\n\r\n<\/span><\/p>\r\n<ul class=\"wp-block-list\" style=\"text-align: justify;\">\r\n<li><strong><em><span style=\"font-family: 'book antiqua', palatino, serif; font-size: 14pt;\">Naj\u015bwi\u0119tsza Maryja Panna<\/span><\/em><\/strong><\/li>\r\n<li><strong><em><span style=\"font-family: 'book antiqua', palatino, serif; font-size: 14pt;\">\u015aw. J\u00f3zef<\/span><\/em><\/strong><\/li>\r\n<li><strong><em><span style=\"font-family: 'book antiqua', palatino, serif; font-size: 14pt;\">\u015aw. Franciszek Salezy<\/span><\/em><\/strong><\/li>\r\n<li><strong><em><span style=\"font-family: 'book antiqua', palatino, serif; font-size: 14pt;\">\u015aw. Franciszek z Asy\u017cu<\/span><\/em><\/strong><\/li>\r\n<li><strong><em><span style=\"font-family: 'book antiqua', palatino, serif; font-size: 14pt;\">\u015aw. Ma\u0142gorzata Maria Alacoque<\/span><\/em><\/strong><\/li>\r\n<\/ul>\r\n<p><span style=\"font-family: 'book antiqua', palatino, serif; font-size: 14pt;\">\r\n\r\n<\/span><\/p>\r\n<p>&nbsp;<\/p>\r\n<p style=\"text-align: center;\"><span style=\"font-family: 'book antiqua', palatino, serif; font-size: 24pt;\"><strong>CHCESZ MIE\u0106 SERCE NA WZ\u00d3R CHRYSTUSA? <br \/>TA GRUPA JEST W\u0141A\u015aNIE DLA CIEBIE! DO\u0141\u0104CZ DO NAS!<\/strong><\/span><\/p>\r\n","protected":false},"excerpt":{"rendered":"<p>INFORMACJE PRAKTYCZNE: Opiekunem Stra\u017cy Honorowej w naszej parafii jest Ks. Proboszcz Miros\u0142aw Papier W ka\u017cdy pierwszy pi\u0105tek miesi\u0105ca przed Msz\u0105 \u015bw. \u015bpiewane s\u0105 godzinki ku czci Serca Pana Jezusa, a po Mszy \u015bw. wieczornej cz\u0142onkowie Stra\u017cy i nie tylko, zbieraj\u0105 si\u0119 na godzinnej adoracji przed Naj\u015bwi\u0119tszym Sakramentem, aby wynagradza\u0107 Bo\u017cemu Sercu zranionemu naszymi grzechami. Miesi\u0105c [&hellip;]<\/p>\n","protected":false},"author":1,"featured_media":0,"parent":0,"menu_order":0,"comment_status":"closed","ping_status":"closed","template":"","meta":{"ngg_post_thumbnail":0,"footnotes":""},"class_list":["post-36","page","type-page","status-publish","hentry"],"_links":{"self":[{"href":"http:\/\/parafiajazowsko.pl\/index.php\/wp-json\/wp\/v2\/pages\/36","targetHints":{"allow":["GET"]}}],"collection":[{"href":"http:\/\/parafiajazowsko.pl\/index.php\/wp-json\/wp\/v2\/pages"}],"about":[{"href":"http:\/\/parafiajazowsko.pl\/index.php\/wp-json\/wp\/v2\/types\/page"}],"author":[{"embeddable":true,"href":"http:\/\/parafiajazowsko.pl\/index.php\/wp-json\/wp\/v2\/users\/1"}],"replies":[{"embeddable":true,"href":"http:\/\/parafiajazowsko.pl\/index.php\/wp-json\/wp\/v2\/comments?post=36"}],"version-history":[{"count":6,"href":"http:\/\/parafiajazowsko.pl\/index.php\/wp-json\/wp\/v2\/pages\/36\/revisions"}],"predecessor-version":[{"id":2088,"href":"http:\/\/parafiajazowsko.pl\/index.php\/wp-json\/wp\/v2\/pages\/36\/revisions\/2088"}],"wp:attachment":[{"href":"http:\/\/parafiajazowsko.pl\/index.php\/wp-json\/wp\/v2\/media?parent=36"}],"curies":[{"name":"wp","href":"https:\/\/api.w.org\/{rel}","templated":true}]}}