{"id":38,"date":"2019-12-18T21:28:12","date_gmt":"2019-12-18T20:28:12","guid":{"rendered":"http:\/\/new.parafiajazowsko.pl\/?page_id=38"},"modified":"2020-12-26T09:04:07","modified_gmt":"2020-12-26T08:04:07","slug":"szafarze-komunii-swietej","status":"publish","type":"page","link":"http:\/\/parafiajazowsko.pl\/index.php\/szafarze-komunii-swietej\/","title":{"rendered":"Szafarze Komunii \u015awi\u0119tej"},"content":{"rendered":"\r\n<p style=\"text-align: center;\"><span style=\"font-size: 24pt; font-family: 'book antiqua', palatino, serif;\"><strong>POS\u0141UGA NADZWYCZAJNEGO SZAFARZA KOMUNII \u015aWI\u0118TEJ<\/strong><\/span><\/p>\r\n<p><img loading=\"lazy\" decoding=\"async\" class=\" wp-image-1876 alignright\" src=\"http:\/\/parafiajazowsko.pl\/wp-content\/uploads\/2020\/12\/Caja-para-hostia-Tagba-placa-pan-Pez-diam-5_3-cm.jpeg\" alt=\"\" width=\"402\" height=\"402\" srcset=\"http:\/\/parafiajazowsko.pl\/wp-content\/uploads\/2020\/12\/Caja-para-hostia-Tagba-placa-pan-Pez-diam-5_3-cm.jpeg 330w, http:\/\/parafiajazowsko.pl\/wp-content\/uploads\/2020\/12\/Caja-para-hostia-Tagba-placa-pan-Pez-diam-5_3-cm-300x300.jpeg 300w, http:\/\/parafiajazowsko.pl\/wp-content\/uploads\/2020\/12\/Caja-para-hostia-Tagba-placa-pan-Pez-diam-5_3-cm-150x150.jpeg 150w\" sizes=\"auto, (max-width: 402px) 100vw, 402px\" \/><\/p>\r\n<p><span style=\"color: #000000; font-size: 14pt; font-family: 'book antiqua', palatino, serif;\">\r\n\r\n<\/span><\/p>\r\n<p style=\"text-align: justify;\"><span style=\"font-size: 14pt; font-family: 'book antiqua', palatino, serif;\"><strong>W parafii Narodzenia Naj\u015bwi\u0119tszej Maryi Panny pos\u0142ug\u0119 szafarza pe\u0142ni trzech m\u0119\u017cczyzn: pan Henryk Majkrzak, pan Andrzej Ligas, pan Tomasz Owsianka. Systematyczna pos\u0142uga szafarza polega na udzielaniu komunii \u015bwi\u0119tej chorym i starszym parafianom w pierwsze pi\u0105tki miesi\u0105ca oraz niedziele i \u015bwi\u0119ta. W razie potrzeby pos\u0142ugi szafarza prosimy o kontakt z szafarzem lub Ks. Proboszczem. Na tym miejscu dzi\u0119kujemy za modlitw\u0119 w intencji szafarzy i zamawiane msze \u015bwi\u0119te. <\/strong><\/span><\/p>\r\n<p><span style=\"font-size: 14pt; font-family: 'book antiqua', palatino, serif;\">\r\n\r\n<\/span><\/p>\r\n<p style=\"text-align: justify;\"><span style=\"font-size: 14pt; font-family: 'book antiqua', palatino, serif;\">Na mocy sakramentu chrztu \u015bwi\u0119tego wszyscy wierni uczestnicz\u0105 w kap\u0142a\u0144skiej, prorockiej i kr\u00f3lewskiej misji Chrystusa, kt\u00f3ry nadal \u017cyje i dzia\u0142a moc\u0105 Ducha \u015awi\u0119tego w Ko\u015bciele. Pos\u0142ug\u0119 u\u015bwi\u0119cania wype\u0142nia Ko\u015bci\u00f3\u0142 przez g\u0142oszenie s\u0142owa Bo\u017cego, sprawowanie sakrament\u00f3w \u015bwi\u0119tych, a zw\u0142aszcza Eucharystii. Ona jest \u017ar\u00f3d\u0142em i centrum ca\u0142ego \u017cycia chrze\u015bcija\u0144skiego. Z niej ono niejako wyp\u0142ywa i do niej prowadzi. Dokonuje si\u0119 to w czasie ka\u017cdej Mszy \u015awi\u0119tej. \u201eW naj\u015bwi\u0119tszej bowiem Eucharystii zawiera si\u0119 ca\u0142e duchowe dobro Ko\u015bcio\u0142a, a mianowicie sam Chrystus, nasza Pascha i chleb \u017cywy, kt\u00f3ry przez Cia\u0142o swoje o\u017cywione i o\u017cywiaj\u0105ce daje \u017cycie ludziom, zapraszaj\u0105c ich i doprowadzaj\u0105c w ten spos\u00f3b do ofiarowania razem z Nim samych siebie, swojej pracy i wszystkich rzeczy stworzonych\u201d (<em>Dekret o pos\u0142udze i \u017cyciu kap\u0142an\u00f3w<\/em>, nr 5).<\/span><\/p>\r\n<p>&nbsp;<\/p>\r\n<p><span style=\"font-size: 14pt; font-family: 'book antiqua', palatino, serif;\">\r\n\r\n<\/span><\/p>\r\n<p><img loading=\"lazy\" decoding=\"async\" class=\"size-full wp-image-1877 alignleft\" src=\"http:\/\/parafiajazowsko.pl\/wp-content\/uploads\/2020\/12\/Caja-para-hostia-mini-ca\u0301liz-PAX-peltre.jpeg\" alt=\"\" width=\"500\" height=\"500\" srcset=\"http:\/\/parafiajazowsko.pl\/wp-content\/uploads\/2020\/12\/Caja-para-hostia-mini-ca\u0301liz-PAX-peltre.jpeg 500w, http:\/\/parafiajazowsko.pl\/wp-content\/uploads\/2020\/12\/Caja-para-hostia-mini-ca\u0301liz-PAX-peltre-300x300.jpeg 300w, http:\/\/parafiajazowsko.pl\/wp-content\/uploads\/2020\/12\/Caja-para-hostia-mini-ca\u0301liz-PAX-peltre-150x150.jpeg 150w\" sizes=\"auto, (max-width: 500px) 100vw, 500px\" \/><\/p>\r\n<p style=\"text-align: justify;\"><span style=\"font-size: 14pt; font-family: 'book antiqua', palatino, serif;\">Szafarzem Eucharystii jest kap\u0142an, kt\u00f3ry z polecenia Chrystusa (zob. \u0141k 22,19; 1 Kor 11,24-25) i w Jego imieniu sprawuje \u015bwi\u0119t\u0105 tajemnic\u0119 eucharystyczn\u0105. Chrystus Pan przychodzi do cz\u0142owieka wierz\u0105cego tak\u017ce przez pos\u0142ug\u0119 nadzwyczajnego szafarza, kt\u00f3ry rozdziela Komuni\u0119 \u015awi\u0119t\u0105 zgodnie z przepisami prawa (zob. kan. 230 \u00a7 3 i kan. 910 \u00a7 2 KPK).<\/span><\/p>\r\n<p><span style=\"font-size: 14pt; font-family: 'book antiqua', palatino, serif;\">\r\n\r\n<\/span><\/p>\r\n<p style=\"text-align: justify;\"><span style=\"font-size: 14pt; font-family: 'book antiqua', palatino, serif;\">Kongregacja Dyscypliny Sakrament\u00f3w uzasadnia wprowadzenie tej pos\u0142ugi \u201edobrem duchowym wiernych i prawdziw\u0105 konieczno\u015bci\u0105\u201d (Instrukcja <em>Immensae caritatis<\/em> z dnia 29 stycznia 1973 r.). Zasadniczym dobrem duchowym jest cz\u0119sta Komunia \u015awi\u0119ta, zw\u0142aszcza zanoszona chorym. Tote\u017c Instrukcja Kongregacji Obrz\u0119d\u00f3w <em>Eucharisticum mysterium<\/em> z dnia 27 maja 1967 r. w numerze 40. domaga si\u0119 od duszpasterzy zaspokojenia potrzeb wiernych: \u201eWypada, \u017ceby ci, kt\u00f3rzy doznaj\u0105 przeszkody w swoim udziale w obrz\u0119dzie eucharystycznym wsp\u00f3lnoty, skwapliwie posilali si\u0119 Eucharysti\u0105 i w ten spos\u00f3b czuli si\u0119 r\u00f3wnie\u017c zjednoczeni z t\u0105 wsp\u00f3lnot\u0105 i wsparci mi\u0142o\u015bci\u0105 braci. Duszpasterze winni si\u0119 stara\u0107, \u017ceby cz\u0119sto da\u0107 mo\u017cliwo\u015b\u0107 przyj\u0119cia Komunii \u015awi\u0119tej, zw\u0142aszcza w okresie wielkanocnym, chorym i osobom w podesz\u0142ym wieku, cho\u0107by nie chorowali ci\u0119\u017cko i nie zagra\u017ca\u0142o im niebezpiecze\u0144stwo \u015bmierci; mo\u017cna to robi\u0107 o jakiejkolwiek godzinie\u201d.<\/span><\/p>\r\n<p>&nbsp;<\/p>\r\n<p><span style=\"font-size: 14pt; font-family: 'book antiqua', palatino, serif;\">\r\n\r\n<\/span><\/p>\r\n<p><img loading=\"lazy\" decoding=\"async\" class=\" wp-image-1878 alignright\" src=\"http:\/\/parafiajazowsko.pl\/wp-content\/uploads\/2020\/12\/Caja-para-hostia-migon-cordero-esmalte.jpeg\" alt=\"\" width=\"471\" height=\"471\" srcset=\"http:\/\/parafiajazowsko.pl\/wp-content\/uploads\/2020\/12\/Caja-para-hostia-migon-cordero-esmalte.jpeg 330w, http:\/\/parafiajazowsko.pl\/wp-content\/uploads\/2020\/12\/Caja-para-hostia-migon-cordero-esmalte-300x300.jpeg 300w, http:\/\/parafiajazowsko.pl\/wp-content\/uploads\/2020\/12\/Caja-para-hostia-migon-cordero-esmalte-150x150.jpeg 150w\" sizes=\"auto, (max-width: 471px) 100vw, 471px\" \/><\/p>\r\n<p>&nbsp;<\/p>\r\n<p style=\"text-align: justify;\"><span style=\"font-size: 14pt; font-family: 'book antiqua', palatino, serif;\">Konferencja Episkopatu Polski w dniu 9 marca 2006 roku przyj\u0119\u0142a nowe og\u00f3lne warunki umo\u017cliwiaj\u0105ce powo\u0142anie Nadzwyczajnych Szafarzy Komunii \u015awi\u0119tej przez biskup\u00f3w diecezjalnych w swoich diecezjach. Wed\u0142ug postanowienia tej Konferencji:<\/span><\/p>\r\n<p style=\"text-align: justify;\"><span style=\"font-size: 14pt; font-family: 'book antiqua', palatino, serif;\">\r\n\r\n<\/span><\/p>\r\n<p style=\"text-align: justify;\"><span style=\"font-size: 14pt; font-family: 'book antiqua', palatino, serif;\">Biskup diecezjalny mo\u017ce upowa\u017cni\u0107 do wspomnianej pos\u0142ugi m\u0119\u017cczyzn, a tak\u017ce siostry zakonne i niewiasty \u017cycia konsekrowanego w wieku od 25 do 65 lat.<\/span><\/p>\r\n<p style=\"text-align: justify;\"><span style=\"font-size: 14pt; font-family: 'book antiqua', palatino, serif;\">\r\n\r\n<\/span><\/p>\r\n<p style=\"text-align: justify;\"><span style=\"font-size: 14pt; font-family: 'book antiqua', palatino, serif;\">Kandydaci powinni odznacza\u0107 si\u0119 zaanga\u017cowaniem w \u017cycie Ko\u015bcio\u0142a, wzorowym \u017cyciem moralnym oraz powa\u017caniem w\u015br\u00f3d duchowie\u0144stwa i wiernych.<\/span><\/p>\r\n<p style=\"text-align: justify;\"><span style=\"font-family: 'book antiqua', palatino, serif; font-size: 14pt; text-align: justify;\">Kandydaci powinni zna\u0107 podstawowe prawdy katechizmowe oraz najwa\u017cniejsze zagadnienia teologiczno-liturgiczne (szczeg\u00f3\u0142owe wymagania zawarte s\u0105 w Modyfikacji instrukcji w sprawie formacji i sposobu wykonywania pos\u0142ugi nadzwyczajnych szafarzy Komunii \u015awi\u0119tej z dnia 22 VI 1991 r. \u2013 patrz: <em>Currenda<\/em>, 2\/2007, s. 11-16).<\/span><\/p>\r\n<p style=\"text-align: justify;\"><span style=\"font-size: 14pt; font-family: 'book antiqua', palatino, serif;\">\r\n\r\n<\/span><\/p>\r\n<p style=\"text-align: justify;\"><span style=\"font-size: 14pt; font-family: 'book antiqua', palatino, serif;\">Biskup diecezjalny upowa\u017cnia do pos\u0142ugi Nadzwyczajnego Szafarza na jeden rok kandydata, kt\u00f3rego poleca Ksi\u0105dz Proboszcz.<\/span><\/p>\r\n<p style=\"text-align: justify;\"><span style=\"font-size: 14pt; font-family: 'book antiqua', palatino, serif;\">\r\n\r\n<\/span><\/p>\r\n<p style=\"text-align: center;\"><strong><span style=\"font-family: 'book antiqua', palatino, serif; font-size: 18pt;\">***<\/span><\/strong><\/p>\r\n<p style=\"text-align: justify;\"><span style=\"font-size: 14pt; font-family: 'book antiqua', palatino, serif;\">Szafarz Nadzwyczajny wykonuje swoj\u0105 pos\u0142ug\u0119 wtedy, gdy liczba kap\u0142an\u00f3w wobec komunikuj\u0105cych jest za ma\u0142a. Mo\u017ce on w ramach wa\u017cno\u015bci upowa\u017cnienia \u015bwiadczy\u0107 pomoc na terenie ca\u0142ej diecezji, a poza ni\u0105 na sta\u0142e mo\u017ce to czyni\u0107 tylko za zgod\u0105 ordynariusza tamtej diecezji.<\/span><\/p>\r\n<p style=\"text-align: justify;\"><span style=\"font-size: 14pt; font-family: 'book antiqua', palatino, serif;\">\r\n\r\n<\/span><\/p>\r\n<p style=\"text-align: justify;\"><span style=\"font-size: 14pt; font-family: 'book antiqua', palatino, serif;\">Szafarz Nadzwyczajny mo\u017ce, za wiedz\u0105 Ksi\u0119dza Proboszcza, zanosi\u0107 Komuni\u0119 \u015awi\u0119t\u0105 do dom\u00f3w tylko osobom, kt\u00f3rych odpowiedni stan duchowy jest znany, zachowuj\u0105c przepisy liturgiczne.<\/span><\/p>\r\n<p style=\"text-align: justify;\"><span style=\"font-size: 14pt; font-family: 'book antiqua', palatino, serif;\">\r\n\r\n<\/span><\/p>\r\n<p style=\"text-align: justify;\"><span style=\"font-size: 14pt; font-family: 'book antiqua', palatino, serif;\">Szafarz Nadzwyczajny podczas pe\u0142nienia tej pos\u0142ugi w czasie Mszy \u015awi\u0119tej winien by\u0107 ubrany w alb\u0119, a je\u015bli trzeba przepasany cingulum. Pe\u0142ni\u0105c sw\u0105 pos\u0142ug\u0119 poza Msz\u0105 \u015awi\u0119t\u0105, mo\u017ce nosi\u0107 zwyk\u0142e ubranie. Siostry zakonne spe\u0142niaj\u0105 pos\u0142ug\u0119 Nadzwyczajnego Szafarza w stroju zakonnym, a inne osoby \u017cycia konsekrowanego we w\u0142asnym (od\u015bwi\u0119tnym) stroju.<\/span><\/p>\r\n<p style=\"text-align: justify;\"><span style=\"font-size: 14pt; font-family: 'book antiqua', palatino, serif;\">\r\n\r\n<\/span><\/p>\r\n<p style=\"text-align: center;\"><strong><span style=\"font-size: 18pt; font-family: 'book antiqua', palatino, serif;\">\u00a0!!! POS\u0141UGA SZAFARZA JEST BEZINTERESOWNA!!!\u00a0<\/span><\/strong><\/p>\r\n","protected":false},"excerpt":{"rendered":"<p>POS\u0141UGA NADZWYCZAJNEGO SZAFARZA KOMUNII \u015aWI\u0118TEJ W parafii Narodzenia Naj\u015bwi\u0119tszej Maryi Panny pos\u0142ug\u0119 szafarza pe\u0142ni trzech m\u0119\u017cczyzn: pan Henryk Majkrzak, pan Andrzej Ligas, pan Tomasz Owsianka. Systematyczna pos\u0142uga szafarza polega na udzielaniu komunii \u015bwi\u0119tej chorym i starszym parafianom w pierwsze pi\u0105tki miesi\u0105ca oraz niedziele i \u015bwi\u0119ta. W razie potrzeby pos\u0142ugi szafarza prosimy o kontakt z szafarzem [&hellip;]<\/p>\n","protected":false},"author":1,"featured_media":0,"parent":0,"menu_order":0,"comment_status":"closed","ping_status":"closed","template":"","meta":{"ngg_post_thumbnail":0,"footnotes":""},"class_list":["post-38","page","type-page","status-publish","hentry"],"_links":{"self":[{"href":"http:\/\/parafiajazowsko.pl\/index.php\/wp-json\/wp\/v2\/pages\/38","targetHints":{"allow":["GET"]}}],"collection":[{"href":"http:\/\/parafiajazowsko.pl\/index.php\/wp-json\/wp\/v2\/pages"}],"about":[{"href":"http:\/\/parafiajazowsko.pl\/index.php\/wp-json\/wp\/v2\/types\/page"}],"author":[{"embeddable":true,"href":"http:\/\/parafiajazowsko.pl\/index.php\/wp-json\/wp\/v2\/users\/1"}],"replies":[{"embeddable":true,"href":"http:\/\/parafiajazowsko.pl\/index.php\/wp-json\/wp\/v2\/comments?post=38"}],"version-history":[{"count":5,"href":"http:\/\/parafiajazowsko.pl\/index.php\/wp-json\/wp\/v2\/pages\/38\/revisions"}],"predecessor-version":[{"id":2087,"href":"http:\/\/parafiajazowsko.pl\/index.php\/wp-json\/wp\/v2\/pages\/38\/revisions\/2087"}],"wp:attachment":[{"href":"http:\/\/parafiajazowsko.pl\/index.php\/wp-json\/wp\/v2\/media?parent=38"}],"curies":[{"name":"wp","href":"https:\/\/api.w.org\/{rel}","templated":true}]}}