{"id":40,"date":"2019-12-18T21:30:38","date_gmt":"2019-12-18T20:30:38","guid":{"rendered":"http:\/\/new.parafiajazowsko.pl\/?page_id=40"},"modified":"2021-01-09T18:47:05","modified_gmt":"2021-01-09T17:47:05","slug":"bractwa-rozancowe","status":"publish","type":"page","link":"http:\/\/parafiajazowsko.pl\/index.php\/bractwa-rozancowe\/","title":{"rendered":"Bractwa r\u00f3\u017ca\u0144cowe"},"content":{"rendered":"<div class=\"art-postcontent\">\n<div class=\"art-article\" style=\"text-align: justify;\">\n<p style=\"text-align: center;\" align=\"center\"><span style=\"font-family: 'book antiqua', palatino, serif; font-size: 24pt; color: #008080;\"><strong>BRACTWO R\u00d3\u017bA\u0143COWE<\/strong><\/span><\/p>\n<p style=\"text-align: center;\" align=\"center\"><span style=\"font-family: 'book antiqua', palatino, serif; font-size: 24pt;\"><strong>\u017bywy R\u00f3\u017caniec przy parafii narodzenia NMP w Jazowsku<\/strong><\/span><\/p>\n<p><img loading=\"lazy\" decoding=\"async\" class=\"wp-image-1881 aligncenter\" src=\"http:\/\/parafiajazowsko.pl\/wp-content\/uploads\/2020\/12\/IMG_1049-scaled.jpg\" alt=\"\" width=\"781\" height=\"1042\" srcset=\"http:\/\/parafiajazowsko.pl\/wp-content\/uploads\/2020\/12\/IMG_1049-scaled.jpg 1920w, http:\/\/parafiajazowsko.pl\/wp-content\/uploads\/2020\/12\/IMG_1049-225x300.jpg 225w, http:\/\/parafiajazowsko.pl\/wp-content\/uploads\/2020\/12\/IMG_1049-768x1024.jpg 768w, http:\/\/parafiajazowsko.pl\/wp-content\/uploads\/2020\/12\/IMG_1049-1152x1536.jpg 1152w, http:\/\/parafiajazowsko.pl\/wp-content\/uploads\/2020\/12\/IMG_1049-1536x2048.jpg 1536w\" sizes=\"auto, (max-width: 781px) 100vw, 781px\" \/><\/p>\n<p>&nbsp;<\/p>\n<p style=\"text-align: center;\"><span style=\"font-family: 'book antiqua', palatino, serif; font-size: 14pt;\">Opiekunem R\u00f3\u017c R\u00f3\u017ca\u0144cowych w naszej parafii jest K<strong>s. Proboszcz Miros\u0142aw Papier<\/strong><\/span><\/p>\n<p style=\"text-align: center;\"><strong><span style=\"font-family: 'book antiqua', palatino, serif; font-size: 18pt;\">Zmiana Tajemnic R\u00f3\u017ca\u0144cowych odbywa si\u0119 w ka\u017cd\u0105 I niedziel\u0119 miesi\u0105ca po Mszy \u015bw. o godz. 7:00<\/span><\/strong><\/p>\n<p style=\"text-align: center;\" align=\"center\"><span style=\"font-size: 18pt;\"><em><span style=\"font-family: 'book antiqua', palatino, serif;\"><strong>Cele Bractwa R\u00f3\u017ca\u0144cowego &#8211; R\u00f3\u017c \u017bywego R\u00f3\u017ca\u0144ca<\/strong><\/span><\/em><\/span><\/p>\n<p style=\"text-align: center;\"><span style=\"font-family: 'book antiqua', palatino, serif; font-size: 14pt;\">Po og\u0142oszeniu przez Jana Paw\u0142a II tajemnic \u015bwiat\u0142a \u017bywy R\u00f3\u017caniec Misyjny gromadzi 20 cz\u0142onk\u00f3w.<\/span><\/p>\n<p style=\"text-align: justify;\"><span style=\"font-family: 'book antiqua', palatino, serif; font-size: 14pt;\">W sk\u0142ad dwudziestki wchodz\u0105 r\u00f3\u017cni ludzie, jak to okre\u015bli\u0142a Paulina: dobrzy, przeci\u0119tni oraz inni, kt\u00f3rzy maj\u0105 jedynie dobr\u0105 wol\u0119. Tych ludzi \u0142\u0105czy jednak co\u015b wi\u0119cej ni\u017c zgodno\u015b\u0107 charakter\u00f3w i wzajemna sympatia \u2013 jednocz\u0105 ich pragnienia i intencje. W ten spos\u00f3b \u017bywy R\u00f3\u017caniec osi\u0105ga wspania\u0142\u0105 warto\u015b\u0107 \u2013 wszyscy modl\u0105 si\u0119 o czyje\u015b nawr\u00f3cenie, o \u0142ask\u0119 bardzo komu\u015b potrzebn\u0105, a przede wszystkim w intencjach misji. Tak wi\u0119c R\u00f3\u017caniec jednoczy serca. I stopniowo cz\u0142onkowie staj\u0105 si\u0119 zjednoczeni w modlitwie ze wszystkimi ludami \u015bwiata.<\/span><\/p>\n<p align=\"center\"><span style=\"font-size: 18pt;\"><em><span style=\"font-family: 'book antiqua', palatino, serif;\"><strong>Zelatorki i zelatorzy Bractwa R\u00f3\u017ca\u0144cowego przy parafii Narodzenia NMP w Jazowsku:<\/strong><\/span><\/em><\/span><\/p>\n<p style=\"text-align: center;\"><em><strong><span style=\"font-family: 'book antiqua', palatino, serif; font-size: 14pt;\">Maria Mamala<\/span><\/strong><\/em><\/p>\n<p style=\"text-align: center;\"><em><strong><span style=\"font-family: 'book antiqua', palatino, serif; font-size: 14pt;\">J\u00f3zefa Olchawa<\/span><\/strong><\/em><\/p>\n<p style=\"text-align: center;\"><em><strong><span style=\"font-family: 'book antiqua', palatino, serif; font-size: 14pt;\">Zofia Pietruszka<\/span><\/strong><\/em><\/p>\n<p style=\"text-align: center;\"><em><strong><span style=\"font-family: 'book antiqua', palatino, serif; font-size: 14pt;\">Zofia Pietruszka \u2013 \u015bw. Rity<\/span><\/strong><\/em><\/p>\n<p style=\"text-align: center;\"><em><strong><span style=\"font-family: 'book antiqua', palatino, serif; font-size: 14pt;\">Zofia Pietruszka \u2013 \u015bw. Jana Paw\u0142a II<\/span><\/strong><\/em><\/p>\n<p style=\"text-align: center;\"><em><strong><span style=\"font-family: 'book antiqua', palatino, serif; font-size: 14pt;\">Warzecha Beata<\/span><\/strong><\/em><\/p>\n<p style=\"text-align: center;\"><em><strong><span style=\"font-family: 'book antiqua', palatino, serif; font-size: 14pt;\">Helena Jawor<\/span><\/strong><\/em><\/p>\n<p style=\"text-align: center;\"><em><strong><span style=\"font-family: 'book antiqua', palatino, serif; font-size: 14pt;\">Anna Kmiecik<\/span><\/strong><\/em><\/p>\n<p style=\"text-align: center;\"><em><strong><span style=\"font-family: 'book antiqua', palatino, serif; font-size: 14pt;\">Stanis\u0142awa Poparda<\/span><\/strong><\/em><\/p>\n<p style=\"text-align: center;\"><em><strong><span style=\"font-family: 'book antiqua', palatino, serif; font-size: 14pt;\">Maria Stolarska<\/span><\/strong><\/em><\/p>\n<p style=\"text-align: center;\"><em><strong><span style=\"font-family: 'book antiqua', palatino, serif; font-size: 14pt;\">Tadeusz Piksa<\/span><\/strong><\/em><\/p>\n<p style=\"text-align: center;\"><em><strong><span style=\"font-family: 'book antiqua', palatino, serif; font-size: 14pt;\">Maria Madziar<\/span><\/strong><\/em><\/p>\n<p style=\"text-align: center;\"><em><strong><span style=\"font-family: 'book antiqua', palatino, serif; font-size: 14pt;\">Rozalia Wyrostek<\/span><\/strong><\/em><\/p>\n<p style=\"text-align: center;\"><em><strong><span style=\"font-family: 'book antiqua', palatino, serif; font-size: 14pt;\">Zofia Szczepaniak<\/span><\/strong><\/em><\/p>\n<p style=\"text-align: center;\"><em><strong><span style=\"font-family: 'book antiqua', palatino, serif; font-size: 14pt;\">Stanis\u0142awa Majerska<\/span><\/strong><\/em><\/p>\n<p style=\"text-align: center;\"><em><strong><span style=\"font-family: 'book antiqua', palatino, serif; font-size: 14pt;\">J\u00f3zefa Gom\u00f3\u0142ka<\/span><\/strong><\/em><\/p>\n<p>&nbsp;<\/p>\n<p style=\"text-align: center;\"><span style=\"font-family: 'book antiqua', palatino, serif; font-size: 18pt;\"><strong>Przy kaplicy w Brzynie:<\/strong><\/span><\/p>\n<p style=\"text-align: center;\"><em><strong><span style=\"font-family: 'book antiqua', palatino, serif; font-size: 14pt;\">Stanis\u0142awa Obrzud<\/span><\/strong><\/em><\/p>\n<p style=\"text-align: center;\"><em><strong><span style=\"font-family: 'book antiqua', palatino, serif; font-size: 14pt;\">Stanis\u0142awa Ko\u0142odziej<\/span><\/strong><\/em><\/p>\n<p style=\"text-align: center;\"><em><strong><span style=\"font-family: 'book antiqua', palatino, serif; font-size: 14pt;\">W\u0142adys\u0142awa Kozik<\/span><\/strong><\/em><\/p>\n<p style=\"text-align: center;\"><em><strong><span style=\"font-family: 'book antiqua', palatino, serif; font-size: 14pt;\">Stanis\u0142aw Sajdak<\/span><\/strong><\/em><\/p>\n<p style=\"text-align: center;\"><em><strong><span style=\"font-family: 'book antiqua', palatino, serif; font-size: 14pt;\">J\u00f3zefa Sajdak<\/span><\/strong><\/em><\/p>\n<p>&nbsp;<\/p>\n<p style=\"text-align: center;\"><em><span style=\"font-family: 'book antiqua', palatino, serif; font-size: 18pt;\"><strong>Historia Bractw R\u00f3\u017ca\u0144cowych<\/strong><\/span><\/em><\/p>\n<p style=\"text-align: justify;\"><span style=\"font-family: 'book antiqua', palatino, serif; font-size: 14pt;\">Ju\u017c w \u015bredniowieczu powsta\u0142y wsp\u00f3lnoty, gromadz\u0105ce si\u0119 by odmawia\u0107 r\u00f3\u017caniec. Pierwsze Bractwo R\u00f3\u017ca\u0144cowe za\u0142o\u017cy\u0142 w 1470 r. b\u0142. Alanus de Rupe, a pi\u0119\u0107 lat p\u00f3\u017aniej w Kolonii podobn\u0105 wsp\u00f3lnot\u0119 utworzy\u0142 dominikanin Jakub Sprenger. W Europie istnia\u0142y setki bractw r\u00f3\u017ca\u0144cowych, do kt\u00f3rych nale\u017celi kr\u00f3lowie i ksi\u0105\u017c\u0119ta, wielcy wodzowie i dostojnicy Ko\u015bcio\u0142a. W\u015br\u00f3d wielkich czcicieli r\u00f3\u017ca\u0144ca jest papie\u017c Leon XIII, autor 13 encyklik r\u00f3\u017ca\u0144cowych. Pisa\u0142 on, \u017ce r\u00f3\u017caniec uczy m\u0105drego prze\u017cywania codzienno\u015bci w tajemnicach radosnych, swoich cierpie\u0144 &#8211; w tajemnicach bolesnych oraz nastawienie na \u017cycie przysz\u0142e w tajemnicach chwalebnych. Papie\u017c Jan Pawe\u0142 II powiedzia\u0142: &#8222;R\u00f3\u017caniec to moja ulubiona modlitwa! (&#8230;) Wspania\u0142a w jej prostocie i jej g\u0142\u0119bi. Z g\u0142\u0119bi serca zach\u0119cam wszystkich do jej odmawiania&#8221;.<\/span><\/p>\n<p style=\"text-align: justify;\"><span style=\"font-family: 'book antiqua', palatino, serif; font-size: 14pt;\">Do Polski modlitwa r\u00f3\u017ca\u0144cowa dotar\u0142a w \u015bredniowieczu. Do Bractwa R\u00f3\u017ca\u0144cowego nale\u017celi m. in. kr\u00f3lowie Zygmunt Stary, Stefan Batory, Jan III Sobieski i wybitni wodzowie &#8211; Tadeusz Ko\u015bciuszko i Kazimierz Pu\u0142aski.<\/span><\/p>\n<p style=\"text-align: justify;\"><span style=\"font-family: 'book antiqua', palatino, serif; font-size: 14pt;\">\u017bywy R\u00f3\u017caniec to wsp\u00f3lnota religijna os\u00f3b \u015bwieckich, kt\u00f3re codziennie odmawiaj\u0105 Tajemnice R\u00f3\u017ca\u0144ca. Wsp\u00f3lnoty te cz\u0119sto nazywane s\u0105 R\u00f3\u017cami. Pierwsz\u0105 R\u00f3\u017c\u0119 za\u0142o\u017cy\u0142a w roku 1826 w Lyonie s\u0142uga Bo\u017ca Paulina Maria Jaricot. Wg Pauliny zjednoczenie serc w jedno\u015bci tajemnic daje R\u00f3\u017ca\u0144cowi szczeg\u00f3ln\u0105 moc nawracania grzesznik\u00f3w. Podkre\u015bla\u0142a ona, \u017ce \u201ew takiej pi\u0119tnastce, z\u0142o\u017conej z ludzi dobrych, przeci\u0119tnych oraz innych, kt\u00f3rzy maj\u0105 jedynie dobr\u0105 wol\u0119 z &#8222;pi\u0119tnastu w\u0119gli\u201d, z kt\u00f3rych jeden p\u0142onie, trzy lub cztery tl\u0105 si\u0119 zaledwie, a pozosta\u0142e s\u0105 zimne&#8221;, wkr\u00f3tce wszystkie razem wybuchn\u0105 ogniem. I ten ogie\u0144 p\u0142onie na ca\u0142ym \u015bwiecie do dzi\u015b. Do Polski dzie\u0142o to dotar\u0142o w XIX w. W kr\u00f3tkim czasie obj\u0119\u0142o niemal wszystkie parafie w kraju. Rozpoczynaj\u0105c 25 rok swojego pontyfikatu, Jan Pawe\u0142 II w li\u015bcie apostolskim zatytu\u0142owanym \u201eR\u00f3\u017caniec Dziewicy Maryi\u201d og\u0142osi\u0142 Rok R\u00f3\u017ca\u0144ca (okres od pa\u017adziernika 2002 do pa\u017adziernika 2003 roku).Wtedy te\u017c Ojciec \u015awi\u0119ty wprowadzi\u0142 now\u0105 cz\u0119\u015b\u0107 r\u00f3\u017ca\u0144ca, tajemnice \u015bwiat\u0142a, uwzgl\u0119dniaj\u0105ce lata publicznej dzia\u0142alno\u015bci Pana Jezusa, \u201eaby r\u00f3\u017caniec w pe\u0142niejszy spos\u00f3b mo\u017cna by\u0142o nazwa\u0107 streszczeniem Ewangelii\u201d. Odt\u0105d ca\u0142y r\u00f3\u017caniec liczy 20 tajemnic, a \u017cywe R\u00f3\u017ce sk\u0142adaj\u0105 si\u0119 z 20 os\u00f3b.<\/span><\/p>\n<\/div>\n<\/div>\n<div class=\"art-postcontent\">\n<div class=\"art-article\" style=\"text-align: justify;\">\n<p style=\"text-align: center;\"><em><span style=\"font-family: 'book antiqua', palatino, serif; font-size: 18pt;\"><strong>Historia R\u00f3\u017ca\u0144ca \u015awi\u0119tego<\/strong><\/span><\/em><\/p>\n<\/div>\n<p style=\"text-align: justify;\"><span style=\"font-family: 'book antiqua', palatino, serif; font-size: 14pt;\">Od wiek\u00f3w chrze\u015bcijanie pr\u00f3bowali odpowiedzie\u0107 na wezwanie \u015bw. Paw\u0142a do nieustannej modlitwy. Jednym ze sposob\u00f3w by\u0142o powtarzanie r\u00f3\u017cnych modlitw. Obowi<\/span><span style=\"font-family: 'book antiqua', palatino, serif; font-size: 14pt;\"><span style=\"font-size: 14pt;\">\u0105zywa\u0142y prostych mnich\u00f3w do wielokrotnego powtarzania w\u0142a\u015bnie tej modlitwy. <\/span><span style=\"font-size: 14pt;\">Od pierwszych wiek\u00f3w chrze\u015bcija\u0144stwa odczuwano tak\u017ce potrzeb\u0119 proszenia o wstawiennictwo Naj\u015bwi\u0119tszej Maryi Panny. Dlatego w XII wieku utrwali\u0142 si\u0119 w Ko\u015bciele zwyczaj odmawiania pozdrowienia, kt\u00f3rym w scenie zwiastowania Anio\u0142 przywita\u0142 Maryj\u0119. Z czasem dodano do nich s\u0142owa wypowiedziane przez \u015bwi\u0119t\u0105 El\u017cbiet\u0119 w czasie nawiedzenia. Obecna forma \u201eZdrowa\u015b Maryjo\u201d ostatecznie ukszta\u0142towa\u0142a si\u0119 w XV wieku. Zatwierdzi\u0142 j\u0105 Pius V w 1566 roku. Z czasem do modlitwy \u201eOjcze nasz\u201d zacz\u0119to dodawa\u0107 \u201eZdrowa\u015b Maryjo\u201d. I tak te dwie modlitwy da\u0142y pocz\u0105tek R\u00f3\u017ca\u0144cowi. <\/span>Pierwsz\u0105 i najstarsz\u0105 modlitw\u0105 chrze\u015bcijan jest modlitwa, kt\u00f3rej nauczy\u0142 sam Jezus &#8211; \u201eOjcze nasz\u201d.<\/span><\/p>\n<p>&nbsp;<\/p>\n<p>&nbsp;<\/p>\n<p style=\"text-align: center;\"><span style=\"font-size: 18pt;\"><em><span style=\"font-family: 'book antiqua', palatino, serif;\"><strong><img loading=\"lazy\" decoding=\"async\" class=\" wp-image-1883 alignleft\" src=\"http:\/\/parafiajazowsko.pl\/wp-content\/uploads\/2020\/12\/Avantgarden-z-Pakamera_pl.jpeg\" alt=\"\" width=\"513\" height=\"410\" \/>Wieniec z r\u00f3\u017c<\/strong><\/span><\/em><\/span><\/p>\n<p style=\"text-align: justify;\"><span style=\"font-family: 'book antiqua', palatino, serif; font-size: 14pt;\">Za ojca R\u00f3\u017ca\u0144ca \u015bwi\u0119tego uwa\u017ca si\u0119 \u015bw. Dominika, kt\u00f3remu mia\u0142a si\u0119 objawi\u0107 Matka Naj\u015bwi\u0119tsza i przykaza\u0107 rozpowszechnianie tej modlitwy na ca\u0142ym \u015bwiecie. Nie by\u0142 to jednak R\u00f3\u017caniec w dzisiejszej formie.<\/span><\/p>\n<p style=\"text-align: justify;\"><span style=\"font-family: 'book antiqua', palatino, serif; font-size: 14pt;\">R\u00f3\u017caniec sta\u0142 si\u0119 dla \u015bw. Dominika skuteczn\u0105 broni\u0105 w walce z herezj\u0105 albingens\u00f3w. Legenda g\u0142osi, \u017ce to w\u0142a\u015bnie w czasie jednej z jego wypraw, w trakcie kt\u00f3rej zwalcza\u0142 t\u0119 herezj\u0119, zrodzi\u0142a si\u0119 modlitwa r\u00f3\u017ca\u0144cowa. Pomimo post\u00f3w i modlitw pos\u0142uga \u015bw. Dominika nie przynosi\u0142a owoc\u00f3w. W\u00f3wczas objawi\u0142a si\u0119 Matka Bo\u017ca i poleci\u0142a Dominikowi, by nie tylko g\u0142osi\u0142 kazania, lecz by po\u0142\u0105czy\u0142 je z odmawianiem tzw. Psa\u0142terza Maryi, czyli 150 \u201eZdrowa\u015b Maryjo\u201d i 15 \u201eOjcze nasz\u201d. Od tej pory \u015bw. Dominik przeplata\u0142 swoje nauki modlitw\u0105 r\u00f3\u017ca\u0144cow\u0105, w kt\u00f3rej rozwa\u017ca\u0142 wraz ze s\u0142uchaczami tre\u015bci zawarte w g\u0142oszonych naukach.<\/span><\/p>\n<p style=\"text-align: justify;\"><span style=\"font-family: 'book antiqua', palatino, serif; font-size: 14pt;\">Nazwa R\u00f3\u017ca\u0144ca wywodzi si\u0119 ze \u015bredniowiecza. W \u00f3wczesnej mentalno\u015bci \u015bwiat stworzony traktowano jako ksi\u0119g\u0119 o Panu Bogu, a w przyrodzie dopatrywano si\u0119 rzeczywisto\u015bci duchowych. Szczeg\u00f3ln\u0105 rol\u0119 pe\u0142ni\u0142y kwiaty, symbolizowa\u0142y one r\u00f3\u017cne cechy. Cz\u0119sto te\u017c ofiarowywano kwiaty Bogu i ukochanym osobom. Modlitwy traktowane by\u0142y jako duchowe kwiaty. I dlatego odmawianie R\u00f3\u017ca\u0144ca por\u00f3wnywano z dawaniem Matce Bo\u017cej r\u00f3\u017c. St\u0105d modlitw\u0119 t\u0119 nazwano wie\u0144cem z r\u00f3\u017c, czyli R\u00f3\u017ca\u0144cem.<\/span><\/p>\n<p style=\"text-align: justify;\"><span style=\"font-family: 'book antiqua', palatino, serif; font-size: 14pt;\">Ostateczny kszta\u0142t modlitwy r\u00f3\u017ca\u0144cowej ustali\u0142 si\u0119 w XV w. dzi\u0119ki dominikaninowi Alanusowi de Rupe (1428&#8211;1475). On ustali\u0142 liczb\u0119 150 \u201eZdrowa\u015b Maryjo\u201d na wz\u00f3r 150 psalm\u00f3w, kt\u00f3re podzieli\u0142 na dziesi\u0105tki poprzeplatane modlitw\u0105 \u201eOjcze nasz\u201d. Dla rozpowszechniania tej modlitwy za\u0142o\u017cy\u0142 pierwsze bractwo r\u00f3\u017ca\u0144cowe. Dzi\u0119ki zakonowi dominika\u0144skiemu modlitwa r\u00f3\u017ca\u0144cowa ju\u017c w XV wieku sta\u0142a si\u0119 znana w ca\u0142ym Ko\u015bciele.<\/span><\/p>\n<p>&nbsp;<\/p>\n<p><img loading=\"lazy\" decoding=\"async\" class=\"wp-image-1882 alignright\" src=\"http:\/\/parafiajazowsko.pl\/wp-content\/uploads\/2020\/12\/Marrying-the-Rosary-to-the-Divine-Mercy-Chaplet.jpeg\" alt=\"\" width=\"526\" height=\"789\" srcset=\"http:\/\/parafiajazowsko.pl\/wp-content\/uploads\/2020\/12\/Marrying-the-Rosary-to-the-Divine-Mercy-Chaplet.jpeg 1673w, http:\/\/parafiajazowsko.pl\/wp-content\/uploads\/2020\/12\/Marrying-the-Rosary-to-the-Divine-Mercy-Chaplet-200x300.jpeg 200w, http:\/\/parafiajazowsko.pl\/wp-content\/uploads\/2020\/12\/Marrying-the-Rosary-to-the-Divine-Mercy-Chaplet-683x1024.jpeg 683w, http:\/\/parafiajazowsko.pl\/wp-content\/uploads\/2020\/12\/Marrying-the-Rosary-to-the-Divine-Mercy-Chaplet-768x1151.jpeg 768w, http:\/\/parafiajazowsko.pl\/wp-content\/uploads\/2020\/12\/Marrying-the-Rosary-to-the-Divine-Mercy-Chaplet-1025x1536.jpeg 1025w, http:\/\/parafiajazowsko.pl\/wp-content\/uploads\/2020\/12\/Marrying-the-Rosary-to-the-Divine-Mercy-Chaplet-1366x2048.jpeg 1366w\" sizes=\"auto, (max-width: 526px) 100vw, 526px\" \/><\/p>\n<p style=\"text-align: center;\"><em><span style=\"font-family: 'book antiqua', palatino, serif; font-size: 18pt;\"><strong>Modlitwa Ko\u015bcio\u0142a<\/strong><\/span><\/em><\/p>\n<p style=\"text-align: justify;\"><span style=\"font-family: 'book antiqua', palatino, serif; font-size: 14pt;\">Modlitwa r\u00f3\u017ca\u0144cowa bardzo szybko zyska\u0142a aprobat\u0119 Ko\u015bcio\u0142a i by\u0142a traktowana jako or\u0119\u017c przeciw wrogom wiary. Jednym z przyk\u0142ad\u00f3w skuteczno\u015bci tej modlitwy by\u0142a zwyci\u0119ska bitwa morska pod Lepanto w 1571 roku.<\/span><\/p>\n<p style=\"text-align: justify;\"><span style=\"font-family: 'book antiqua', palatino, serif; font-size: 14pt;\">Szesnastowieczna Europa by\u0142a zagro\u017cona napa\u015bci\u0105 muzu\u0142man\u00f3w. Od VII wieku, kiedy kalif Oman zdoby\u0142 Jerozolim\u0119 i Ziemia \u015awi\u0119ta przesta\u0142a nale\u017ce\u0107 do chrze\u015bcijan, islam d\u0105\u017cy\u0142 do narzucenia si\u0142\u0105 swojej religii \u015bwiatu. W VIII w. muzu\u0142manie, po opanowaniu Afryki P\u00f3\u0142nocnej, zaj\u0119li Hiszpani\u0119. Przez kr\u00f3tki czas inwazja mahometan by\u0142a powstrzymywana przez wyprawy krzy\u017cowe. W XVI wieku imperium muzu\u0142ma\u0144skie wybudowa\u0142o ogromn\u0105 flot\u0119, planowa\u0142o bowiem zaj\u0105\u0107 chrze\u015bcija\u0144skie porty \u015br\u00f3dziemnomorskie i ruszy\u0107 na podb\u00f3j Rzymu, a potem Europy. Wtedy papie\u017c Pius V, dominikanin i gor\u0105cy propagator R\u00f3\u017ca\u0144ca, wezwa\u0142 wszystkich katolik\u00f3w do modlitwy r\u00f3\u017ca\u0144cowej. 7 pa\u017adziernika 1571 roku w okolicach Lepanto mia\u0142a miejsce decyduj\u0105ca bitwa morska, w kt\u00f3rej star\u0142y si\u0119 ze sob\u0105 flota chrze\u015bcija\u0144ska i turecka. Zaci\u0119ta walka trwa\u0142a wiele godzin, a o zwyci\u0119stwie \u015awi\u0119tej Ligi przes\u0105dzi\u0142a nieoczekiwana zmiana pogody &#8211; wiatr uniemo\u017cliwi\u0142 manewry wojskom tureckim.<\/span><\/p>\n<p style=\"text-align: justify;\"><span style=\"font-family: 'book antiqua', palatino, serif; font-size: 14pt;\">Zwyci\u0119ska bitwa zatrzyma\u0142a inwazj\u0119 muzu\u0142man\u00f3w na Europ\u0119. W dow\u00f3d wdzi\u0119czno\u015bci Wenecjanie na nowo wybudowanej kaplicy dzi\u0119kczynnej napisali: \u201eNon virtus, non arma, non duces, sed Mariae Rosiae victores nos fecit\u201d, \u201eNie odwaga, nie bro\u0144, nie dow\u00f3dcy, ale Maria R\u00f3\u017ca\u0144cowa da\u0142a nam zwyci\u0119stwo\u201d. Pius V, \u015bwiadom, komu zawdzi\u0119cza cudowne ocalenie Europy, uczyni\u0142 dzie\u0144 7 pa\u017adziernika \u015bwi\u0119tem Matki Bo\u017cej R\u00f3\u017ca\u0144cowej. W encyklice napisa\u0142: \u201ePragniemy szczeg\u00f3lnie, aby nigdy nie zosta\u0142o zapomniane wspomnienie wielkiego zwyci\u0119stwa uzyskanego od Boga przez zas\u0142ugi i wstawiennictwo Naj\u015bwi\u0119tszej Maryi Panny w dniu 7 pa\u017adziernika 1571 r., odniesione w walce przeciw Turkom, nieprzyjacio\u0142om wiary katolickiej\u201d.<\/span><\/p>\n<p style=\"text-align: justify;\"><span style=\"font-family: 'book antiqua', palatino, serif; font-size: 14pt;\">Papie\u017c Klemens XI po zwyci\u0119stwie odniesionym nad Turkami pod Belgradem, w 1716 roku, rozszerzy\u0142 \u015bwi\u0119to Matki Bo\u017cej R\u00f3\u017ca\u0144cowej na ca\u0142y Ko\u015bci\u00f3\u0142. W roku 1885 papie\u017c Leon XIII poleci\u0142 odmawia\u0107 R\u00f3\u017caniec przez ca\u0142y pa\u017adziernik i wprowadzi\u0142 do Litanii Loreta\u0144skiej wezwanie \u201eKr\u00f3lowo R\u00f3\u017ca\u0144ca \u015bwi\u0119tego m\u00f3dl si\u0119 za nami\u201d.<\/span><\/p>\n<p style=\"text-align: center;\"><em><strong><span style=\"font-family: 'book antiqua', palatino, serif; font-size: 14pt;\">Do rozpropagowania R\u00f3\u017ca\u0144ca przyczyni\u0142a si\u0119 te\u017c sama Maryja. W swoich objawieniach w Lourdes, Fatimie i w polskim Gietrzwa\u0142dzie wzywa\u0142a do modlitwy r\u00f3\u017ca\u0144cowej.<\/span><\/strong><\/em><\/p>\n<p style=\"text-align: center;\"><strong><span style=\"font-size: 18pt; font-family: 'book antiqua', palatino, serif;\">***<\/span><\/strong><\/p>\n<\/div>\n<p style=\"text-align: center;\"><strong><span style=\"font-size: 18pt; font-family: 'book antiqua', palatino, serif;\">!!! CHWY\u0106MY MARYJ\u0118 ZA R\u0118K\u0118 ODMAWIAJ\u0104C R\u00d3\u017bANIEC !!!<\/span><\/strong><\/p>\n","protected":false},"excerpt":{"rendered":"<p>BRACTWO R\u00d3\u017bA\u0143COWE \u017bywy R\u00f3\u017caniec przy parafii narodzenia NMP w Jazowsku &nbsp; Opiekunem R\u00f3\u017c R\u00f3\u017ca\u0144cowych w naszej parafii jest Ks. Proboszcz Miros\u0142aw Papier Zmiana Tajemnic R\u00f3\u017ca\u0144cowych odbywa si\u0119 w ka\u017cd\u0105 I niedziel\u0119 miesi\u0105ca po Mszy \u015bw. o godz. 7:00 Cele Bractwa R\u00f3\u017ca\u0144cowego &#8211; R\u00f3\u017c \u017bywego R\u00f3\u017ca\u0144ca Po og\u0142oszeniu przez Jana Paw\u0142a II tajemnic \u015bwiat\u0142a \u017bywy R\u00f3\u017caniec [&hellip;]<\/p>\n","protected":false},"author":1,"featured_media":0,"parent":0,"menu_order":0,"comment_status":"closed","ping_status":"closed","template":"","meta":{"ngg_post_thumbnail":0,"footnotes":""},"class_list":["post-40","page","type-page","status-publish","hentry"],"_links":{"self":[{"href":"http:\/\/parafiajazowsko.pl\/index.php\/wp-json\/wp\/v2\/pages\/40","targetHints":{"allow":["GET"]}}],"collection":[{"href":"http:\/\/parafiajazowsko.pl\/index.php\/wp-json\/wp\/v2\/pages"}],"about":[{"href":"http:\/\/parafiajazowsko.pl\/index.php\/wp-json\/wp\/v2\/types\/page"}],"author":[{"embeddable":true,"href":"http:\/\/parafiajazowsko.pl\/index.php\/wp-json\/wp\/v2\/users\/1"}],"replies":[{"embeddable":true,"href":"http:\/\/parafiajazowsko.pl\/index.php\/wp-json\/wp\/v2\/comments?post=40"}],"version-history":[{"count":9,"href":"http:\/\/parafiajazowsko.pl\/index.php\/wp-json\/wp\/v2\/pages\/40\/revisions"}],"predecessor-version":[{"id":2412,"href":"http:\/\/parafiajazowsko.pl\/index.php\/wp-json\/wp\/v2\/pages\/40\/revisions\/2412"}],"wp:attachment":[{"href":"http:\/\/parafiajazowsko.pl\/index.php\/wp-json\/wp\/v2\/media?parent=40"}],"curies":[{"name":"wp","href":"https:\/\/api.w.org\/{rel}","templated":true}]}}