{"id":42,"date":"2019-12-18T21:31:20","date_gmt":"2019-12-18T20:31:20","guid":{"rendered":"http:\/\/new.parafiajazowsko.pl\/?page_id=42"},"modified":"2020-12-26T09:09:22","modified_gmt":"2020-12-26T08:09:22","slug":"pogrzeb","status":"publish","type":"page","link":"http:\/\/parafiajazowsko.pl\/index.php\/pogrzeb\/","title":{"rendered":"Sakramenty"},"content":{"rendered":"\r\n\r\n\r\n<p style=\"text-align: center;\"><span style=\"font-size: 24pt; font-family: 'book antiqua', palatino, serif;\"><strong>SAKRAMENT CHRZTU \u015aWI\u0118TEGO<\/strong><\/span><\/p>\r\n<p><span style=\"font-family: 'book antiqua', palatino, serif;\">\r\n\r\n<\/span><\/p>\r\n<p style=\"text-align: justify;\"><span style=\"font-family: 'book antiqua', palatino, serif; font-size: 14pt;\">1. Sakrament Chrztu \u015bw. jest udzielany <\/span><strong><span style=\"font-family: 'book antiqua', palatino, serif; font-size: 14pt;\">w naszej parafii w ka\u017cd\u0105 pierwsz\u0105 niedziel\u0119 miesi\u0105ca <\/span><\/strong><span style=\"font-family: 'book antiqua', palatino, serif; font-size: 14pt;\">a tak\u017ce<\/span><span style=\"font-family: 'book antiqua', palatino, serif; font-size: 14pt;\">\u00a0<\/span><strong><span style=\"font-family: 'book antiqua', palatino, serif; font-size: 14pt;\">w drugi dzie\u0144 \u015awi\u0105t Bo\u017cego Narodzenia <\/span><\/strong><span style=\"font-family: 'book antiqua', palatino, serif; font-size: 14pt;\">oraz<\/span> <strong><span style=\"font-family: 'book antiqua', palatino, serif; font-size: 14pt;\">Wielkanocy podczas\u00a0uroczystej Mszy \u015bw. o godz. 14:00.<\/span><\/strong><\/p>\r\n<p style=\"text-align: justify;\"><span style=\"font-family: 'book antiqua', palatino, serif; font-size: 14pt;\">2. Dziecko do chrztu zg\u0142aszaj\u0105 jego rodzice.<\/span><\/p>\r\n<p style=\"text-align: justify;\"><span style=\"font-family: 'book antiqua', palatino, serif; font-size: 14pt;\">3. <strong>Wymagane dokumenty: <\/strong><\/span><span style=\"font-family: 'book antiqua', palatino, serif; font-size: 14pt;\"><strong>Akt urodzenia dziecka<\/strong> pobrany z Urz\u0119du Stanu Cywilnego, <strong>\u015bwiadectwo \u015blubu ko\u015bcielnego rodzic\u00f3w<\/strong> (je\u015bli odby\u0142 si\u0119 poza nasz\u0105 parafi\u0105), <strong>za\u015bwiadczenia chrzestnych<\/strong> \u017ce mog\u0105 pe\u0142ni\u0107 t\u0119 rol\u0119 (je\u015bli s\u0105 z poza naszej parafii).<\/span><\/p>\r\n<p style=\"text-align: justify;\"><span style=\"font-family: 'book antiqua', palatino, serif; font-size: 14pt;\">4. Zgoda w\u0142a\u015bciwego Ks. Proboszcza na chrzest dzieci spoza parafii.<\/span><\/p>\r\n<p style=\"text-align: justify;\"><span style=\"font-family: 'book antiqua', palatino, serif; font-size: 14pt;\">5. Chrzestnymi rodzicami mog\u0105 by\u0107 <strong>praktykuj\u0105cy katolicy<\/strong>, <strong>kt\u00f3rzy uko\u0144czyli 16 rok \u017cycia<\/strong>, <strong>bierzmowani<\/strong>. <strong>Rodzicami chrzestnymi nie mog\u0105 by\u0107 osoby \u017cyj\u0105ce w ma\u0142\u017ce\u0144skich sytuacjach nieregularnych <\/strong>(Adhortacja Apostolska Jana Paw\u0142a II <em>&#8222;Familiaris Consortio&#8221;<\/em> w numerach 79-82 wymienia tutaj tzw.: <strong>\u201ema\u0142\u017ce\u0144stwo na pr\u00f3b\u0119\u201d, wolne zwi\u0105zki i katolik\u00f3w z\u0142\u0105czonych tylko \u015blubem cywilnym<\/strong>) oraz <strong>m\u0142odzie\u017c szkolna, kt\u00f3ra nie uczestniczy w katechizacji!<\/strong>\u00a0Rodzice naturalni, o ile nie maj\u0105 przeszk\u00f3d, a rodzice chrzestni zawsze powinni w czasie obrz\u0119du chrztu \u015bwi\u0119tego przyst\u0105pi\u0107 do Komunii \u015bwi\u0119tej.<\/span><\/p>\r\n<p><span style=\"font-size: 14pt;\">\r\n\r\n<\/span><\/p>\r\n<p style=\"text-align: center;\"><span style=\"font-size: 24pt; font-family: 'book antiqua', palatino, serif;\"><strong>***<\/strong><\/span><\/p>\r\n<p style=\"text-align: center;\"><span style=\"font-size: 24pt; font-family: 'book antiqua', palatino, serif;\"><strong>SAKRAMENT MA\u0141\u017bE\u0143STWA<\/strong><\/span><\/p>\r\n\r\n\r\n\r\n<p style=\"text-align: justify;\"><span style=\"font-family: 'book antiqua', palatino, serif; font-size: 14pt;\">Narzeczeni pragn\u0105cy zawrze\u0107 sakrament ma\u0142\u017ce\u0144stwa <\/span><span style=\"font-family: 'book antiqua', palatino, serif; font-size: 14pt;\"><strong>powinni zg\u0142osi\u0107 si\u0119 do kancelarii parafii, w kt\u00f3rej b\u0119dzie on celebrowany.<\/strong><\/span><span style=\"font-family: 'book antiqua', palatino, serif; font-size: 14pt;\"> Mo\u017ce to by\u0107 parafia jednego z nupturient\u00f3w. W przypadku, gdy sakrament ma\u0142\u017ce\u0144stwa zawierany b\u0119dzie poza parafiami do kt\u00f3rych nale\u017c\u0105 narzeczeni, wymagana jest zgoda w\u0142a\u015bciwego Ks. Proboszcza parafii zamieszkania jednego z nich na przeprowadzenie rozmowy kanonicznej. W naszej parafii rezerwacji terminu mo\u017cna dokona\u0107 wcze\u015bniej!<\/span><\/p>\r\n<p><span style=\"font-size: 14pt;\">\r\n\r\n<\/span><\/p>\r\n<p style=\"text-align: justify;\"><span style=\"font-family: 'book antiqua', palatino, serif;\"><strong><span style=\"font-size: 14pt;\">Wymagane dokumenty:<\/span><\/strong><\/span><\/p>\r\n<p><span style=\"font-size: 14pt;\">\r\n\r\n<\/span><\/p>\r\n<p style=\"text-align: justify;\"><span style=\"font-size: 14pt; font-family: 'book antiqua', palatino, serif;\">1. <strong>Aktualna metryka chrztu<\/strong> (z dat\u0105 wystawienia do trzech miesi\u0119cy wa\u017cno\u015bci)<\/span><\/p>\r\n<p><span style=\"font-size: 14pt; font-family: 'book antiqua', palatino, serif;\">\r\n\r\n<\/span><\/p>\r\n<p style=\"text-align: justify;\"><span style=\"font-size: 14pt; font-family: 'book antiqua', palatino, serif;\">2. <strong>Dowody osobiste <\/strong><\/span><\/p>\r\n<p style=\"text-align: justify;\"><span style=\"font-size: 14pt; font-family: 'book antiqua', palatino, serif;\">3. <strong>Ostatnie \u015bwiadectwo katechizacji <\/strong><\/span><\/p>\r\n<p style=\"text-align: justify;\"><span style=\"font-size: 14pt; font-family: 'book antiqua', palatino, serif;\">4. <strong>\u015awiadectwo bierzmowania <\/strong><\/span><\/p>\r\n<p style=\"text-align: justify;\"><span style=\"font-size: 14pt; font-family: 'book antiqua', palatino, serif;\">5. <strong>Za\u015bwiadczenie o uczestnictwie w katechezie przedma\u0142\u017ce\u0144skiej <\/strong><\/span><\/p>\r\n<p style=\"text-align: justify;\"><span style=\"font-size: 14pt; font-family: 'book antiqua', palatino, serif;\">6. <strong>Za\u015bwiadczenie z Urz\u0119du Stanu Cywilnego o stanie wolnym<\/strong> (niezb\u0119dny gdy ma\u0142\u017conkowie chc\u0105, aby \u015blub ko\u015bcielny poci\u0105gn\u0105\u0142 za sob\u0105 r\u00f3wnie\u017c skutki cywilno-prawne, czyli aby by\u0142 to tzw. \u015blub konkordatowy) lub <strong>akt zawarcia zwi\u0105zku cywilnego<\/strong>, je\u015bli zosta\u0142 on zawarty wcze\u015bniej.<\/span><\/p>\r\n<p><span style=\"font-size: 14pt; font-family: 'book antiqua', palatino, serif;\">\r\n\r\n<\/span><\/p>\r\n<p style=\"text-align: justify;\"><span style=\"font-size: 14pt; font-family: 'book antiqua', palatino, serif;\"><strong>Filmowanie oraz fotografowanie podczas uroczysto\u015bci \u015blubnej musi odbywa\u0107 si\u0119 w zgodzie z przepisami liturgicznymi i winno by\u0107 wcze\u015bniej uzgodnione z Ks. Proboszczem!<\/strong><\/span><\/p>\r\n<p><span style=\"font-family: 'book antiqua', palatino, serif;\">\r\n\r\n<\/span><\/p>\r\n<p style=\"text-align: center;\"><span style=\"font-family: 'book antiqua', palatino, serif; font-size: 24pt;\"><strong>***<\/strong><\/span><\/p>\r\n<p style=\"text-align: center;\"><span style=\"font-size: 24pt; font-family: 'book antiqua', palatino, serif;\"><strong>SAKRAMENT POKUTY I POJEDNANIA<\/strong><\/span><\/p>\r\n<p style=\"text-align: justify;\"><span style=\"font-family: 'book antiqua', palatino, serif; font-size: 14pt;\">Ko\u015bci\u00f3\u0142 wskazuje 5 podstawowych warunk\u00f3w, kt\u00f3rych spe\u0142nienie gwarantuje skuteczno\u015b\u0107 sakramentu pokuty i pojednania. Nast\u0119puj\u0105ce po sobie wezwania, prowadz\u0105 penitenta drog\u0105 pojednania z Bogiem i Ko\u015bcio\u0142em od u\u015bwiadomienia sobie w\u0142asnej grzeszno\u015bci a\u017c do naprawienia oraz zado\u015b\u0107uczynienia za pope\u0142nione winy. S\u0105 nimi:<\/span><\/p>\r\n<p><span style=\"font-family: 'book antiqua', palatino, serif; font-size: 14pt;\">1. Rachunek sumienia<\/span><\/p>\r\n<p><span style=\"font-family: 'book antiqua', palatino, serif; font-size: 14pt;\">2. \u017bal za grzechy<\/span><\/p>\r\n<p><span style=\"font-family: 'book antiqua', palatino, serif; font-size: 14pt;\">3. Mocne postanowienie poprawy<\/span><\/p>\r\n<p><span style=\"font-family: 'book antiqua', palatino, serif; font-size: 14pt;\"><strong>4.<\/strong> <strong>Szczera spowied\u017a<\/strong><\/span><\/p>\r\n<p><span style=\"font-family: 'book antiqua', palatino, serif; font-size: 14pt;\">5. Zado\u015b\u0107uczynienie Bogu i bli\u017aniemu<\/span><\/p>\r\n<p style=\"text-align: center;\"><strong><span style=\"font-family: 'book antiqua', palatino, serif; font-size: 14pt;\">!!! Sakrament pokuty w naszej parafii jest sprawowany codziennie w czasie Mszy \u015bw. !!!<\/span><\/strong><\/p>\r\n<p style=\"text-align: center;\"><span style=\"font-family: 'book antiqua', palatino, serif; font-size: 24pt;\"><strong>***<\/strong><\/span><\/p>\r\n<p><span style=\"font-family: 'book antiqua', palatino, serif;\">\r\n\r\n<\/span><\/p>\r\n<p style=\"text-align: center;\"><span style=\"font-size: 24pt; font-family: 'book antiqua', palatino, serif;\"><strong>S<\/strong><\/span><span style=\"font-size: 24pt; font-family: 'book antiqua', palatino, serif;\"><strong>AKRAMENT NAMASZCZENIA CHORYCH<\/strong><\/span><\/p>\r\n<p><span style=\"font-family: 'book antiqua', palatino, serif;\">\r\n\r\n<\/span><\/p>\r\n<p style=\"text-align: justify;\"><span style=\"font-family: 'book antiqua', palatino, serif; font-size: 14pt;\"><em><strong>&#8222;Choruje kto\u015b w\u015br\u00f3d was? Niech sprowadzi kap\u0142an\u00f3w Ko\u015bcio\u0142a, by si\u0119 modlili nad nim i nama\u015bcili go olejem w imi\u0119 Pana. Modlitwa pe\u0142na wiary b\u0119dzie dla chorego ratunkiem i Pan go pod\u017awignie, a je\u015bliby pope\u0142ni\u0142 grzechy, b\u0119d\u0105 mu odpuszczone&#8221;<\/strong><\/em> (Jk 5,14-15) <\/span><\/p>\r\n<p style=\"text-align: justify;\"><span style=\"font-family: 'book antiqua', palatino, serif; font-size: 14pt;\">Ze wzgl\u0119du na rozleg\u0142o\u015b\u0107 parafii oraz trudno\u015bci z dojazdem bardzo prosimy o indywidualne umawianie si\u0119 z kap\u0142anem w zwi\u0105zku z odwiedzinami u os\u00f3b chorych oraz starszych. W sprawach pilnych udajemy si\u0119 do chorych o ka\u017cdej porze dnia i nocy.<\/span><\/p>\r\n<p style=\"text-align: center;\"><span style=\"font-size: 24pt; font-family: 'book antiqua', palatino, serif;\">***<\/span><\/p>\r\n<p><span style=\"font-family: 'book antiqua', palatino, serif;\">\r\n\r\n<\/span><\/p>\r\n<p style=\"text-align: center;\"><span style=\"font-size: 24pt; font-family: 'book antiqua', palatino, serif;\"><strong>POGRZEB KATOLICKI<\/strong><\/span><\/p>\r\n<p><span style=\"font-family: 'book antiqua', palatino, serif;\">\r\n\r\n<\/span><\/p>\r\n<p style=\"text-align: justify;\"><span style=\"font-family: 'book antiqua', palatino, serif; font-size: 14pt;\"><strong>O \u015bmierci bliskiej osoby nale\u017cy powiadomi\u0107 miejscowych duszpasterzy. Opiek\u0119 nad cmentarzem parafialnym sprawuje firma &#8222;GOMIX&#8221;, Go\u0142kowice G\u00f3rne 148<\/strong>\u00a0(<strong>tel.: 18 446 33 16; tel. ca\u0142odobowy: 602 406 535<\/strong>). Pogrzeb powinna przygotowa\u0107 najbli\u017csza rodzina i winien on mie\u0107 miejsce w parafii zamieszkania. W przypadku pogrzebu poza miejscem zamieszkania potrzebna jest zgoda Ks. Proboszcza miejsca.<\/span><\/p>\r\n<p><span style=\"font-family: 'book antiqua', palatino, serif; font-size: 14pt;\">\r\n\r\n<\/span><\/p>\r\n<p style=\"text-align: justify;\"><span style=\"font-family: 'book antiqua', palatino, serif; font-size: 14pt;\">Przy zg\u0142aszaniu pogrzebu wymagane s\u0105 nast\u0119puj\u0105ce dokumenty:<\/span><\/p>\r\n<p style=\"text-align: justify;\"><span style=\"font-family: 'book antiqua', palatino, serif; font-size: 14pt;\">\r\n\r\n<\/span><\/p>\r\n<p style=\"text-align: justify;\"><span style=\"font-family: 'book antiqua', palatino, serif; font-size: 14pt;\">1. <strong>Akt zgonu z USC<\/strong><\/span><\/p>\r\n<p style=\"text-align: justify;\"><span style=\"font-family: 'book antiqua', palatino, serif; font-size: 14pt;\">2. <strong>Zgoda na pochowanie zw\u0142ok<\/strong><\/span><\/p>\r\n<p style=\"text-align: justify;\"><span style=\"font-family: 'book antiqua', palatino, serif; font-size: 14pt;\">3. <strong>Za\u015bwiadczenie o udzieleniu sakramentu chorych i wiatyku<\/strong> (Komunii \u015bwi\u0119tej), je\u015bli zgon nast\u0105pi\u0142 poza parafi\u0105 lub w szpitalu (wystawia je kapelan szpitala).<\/span><\/p>\r\n<p style=\"text-align: justify;\"><span style=\"font-family: 'book antiqua', palatino, serif; font-size: 14pt;\">Budowa nowych pomnik\u00f3w i grobowc\u00f3w, remont istniej\u0105cych musz\u0105 by\u0107 uzgodnione z Ks. Proboszczem. Je\u017celi kto\u015b planuje przeniesienie zw\u0142ok na inne miejsce, nale\u017cy opr\u00f3cz zgody Ks. Proboszcza uzyska\u0107 zgod\u0119 Sanepidu po spe\u0142nieniu wymaga\u0144 prawa pa\u0144stwowego. Ekshumacji mo\u017ce dokonywa\u0107 jedynie firma do tego uprawniona, a nie dowolny zak\u0142ad kamieniarski czy przypadkowe osoby! W przypadku pogrzebu poza miejscem zamieszkania potrzebna jest zgoda proboszcza miejsca. Rodzina powinna zadba\u0107 o to, aby chory\u00a0 pojedna\u0142\u00a0 si\u0119 z Bogiem przed \u015bmierci\u0105 &#8211; nie odk\u0142ada\u0107 przyj\u0119cia sakramentu chorych na ostatni\u0105 chwil\u0119, bowiem jest to sakrament dla \u017cyj\u0105cych, umacnia w cierpieniu oraz toruje drog\u0119 do nieba.<\/span><\/p>\r\n<p style=\"text-align: justify;\"><span style=\"font-family: 'book antiqua', palatino, serif; font-size: 14pt;\">\r\n\r\n<\/span><\/p>\r\n<p style=\"text-align: justify;\">\u00a0<\/p>","protected":false},"excerpt":{"rendered":"<p>SAKRAMENT CHRZTU \u015aWI\u0118TEGO 1. Sakrament Chrztu \u015bw. jest udzielany w naszej parafii w ka\u017cd\u0105 pierwsz\u0105 niedziel\u0119 miesi\u0105ca a tak\u017ce\u00a0w drugi dzie\u0144 \u015awi\u0105t Bo\u017cego Narodzenia oraz Wielkanocy podczas\u00a0uroczystej Mszy \u015bw. o godz. 14:00. 2. Dziecko do chrztu zg\u0142aszaj\u0105 jego rodzice. 3. Wymagane dokumenty: Akt urodzenia dziecka pobrany z Urz\u0119du Stanu Cywilnego, \u015bwiadectwo \u015blubu ko\u015bcielnego rodzic\u00f3w (je\u015bli [&hellip;]<\/p>\n","protected":false},"author":1,"featured_media":0,"parent":0,"menu_order":0,"comment_status":"closed","ping_status":"closed","template":"","meta":{"ngg_post_thumbnail":0,"footnotes":""},"class_list":["post-42","page","type-page","status-publish","hentry"],"_links":{"self":[{"href":"http:\/\/parafiajazowsko.pl\/index.php\/wp-json\/wp\/v2\/pages\/42","targetHints":{"allow":["GET"]}}],"collection":[{"href":"http:\/\/parafiajazowsko.pl\/index.php\/wp-json\/wp\/v2\/pages"}],"about":[{"href":"http:\/\/parafiajazowsko.pl\/index.php\/wp-json\/wp\/v2\/types\/page"}],"author":[{"embeddable":true,"href":"http:\/\/parafiajazowsko.pl\/index.php\/wp-json\/wp\/v2\/users\/1"}],"replies":[{"embeddable":true,"href":"http:\/\/parafiajazowsko.pl\/index.php\/wp-json\/wp\/v2\/comments?post=42"}],"version-history":[{"count":11,"href":"http:\/\/parafiajazowsko.pl\/index.php\/wp-json\/wp\/v2\/pages\/42\/revisions"}],"predecessor-version":[{"id":2092,"href":"http:\/\/parafiajazowsko.pl\/index.php\/wp-json\/wp\/v2\/pages\/42\/revisions\/2092"}],"wp:attachment":[{"href":"http:\/\/parafiajazowsko.pl\/index.php\/wp-json\/wp\/v2\/media?parent=42"}],"curies":[{"name":"wp","href":"https:\/\/api.w.org\/{rel}","templated":true}]}}